{"id":4591,"date":"2025-09-26T17:16:16","date_gmt":"2025-09-26T20:16:16","guid":{"rendered":"https:\/\/institutomesa.org\/revistamesa\/edicoes\/7\/?page_id=4591"},"modified":"2025-10-08T15:26:14","modified_gmt":"2025-10-08T18:26:14","slug":"artistas-residentes-susan-thomson","status":"publish","type":"page","link":"https:\/\/institutomesa.org\/revistamesa\/edicoes\/7\/artistas-residentes-susan-thomson\/","title":{"rendered":"Artistas Residentes &#8211; Susan Thomson"},"content":{"rendered":"\n<h2>Susan Thomson: Direitos humanos \/ direitos da natureza<\/h2>\n\n\n\t\t<!-- Gallery with PrettyPhoto plugin -->\n\t\t<div class=\"row assorted\">\t\t\t\t\n\n\t\t\t \t\t\t<div class=\"six mobile-two columns mobile-fullwidth\">\t\n\t\t\t <div class=\"row\">\n\t\t\t\t<div class=\"twelve columns\">\n\t\t\t\t\n\t\t\t\t\t\t\t\t\t\t\t<h3 class=\"post_title\"><a href=\"https:\/\/institutomesa.org\/revistamesa\/edicoes\/7\/portfolio\/susan-thomson-tybyra-e-o-arlequim\/\">Susan Thomson - Tybyra e o Arlequim<\/a><\/h3>\n\t\t\t\t\t\t\t\t\t\t\n\t\t\t\t\t<!-- Portfolio post-thumb gallery -->\n\t\t\t\t\t\t<div class=\"portfolio_thumb\"><a title=\"Susan Thomson &#8211; Tybyra e o Arlequim\" href=\"https:\/\/institutomesa.org\/revistamesa\/edicoes\/7\/portfolio\/susan-thomson-tybyra-e-o-arlequim\/\" class=\"custom-port\"><img src=\"http:\/\/institutomesa.org\/revistamesa\/edicoes\/7\/wp-content\/uploads\/sites\/3\/2025\/09\/Fig-1_Ensaio-Visual_Tybyra-3-1-e1760124175881-330x220.jpg\"  title=\"Susan Thomson &#8211; Tybyra e o Arlequim\"\/><\/a><\/div>\n\t\t\t\t\t<!-- END Portfolio post-thumb gallery -->\n\n\t\t\t\t\t <!--BEGIN excerpt content -->\n\t\t\t\t\t \t\t\t\t\t\t<p><\/p>\n\t\t\t\t\t\t\n\t\t\t\t\t <!--END excerpt content -->\n\n\t\t\t\t\t<a href=\"https:\/\/institutomesa.org\/revistamesa\/edicoes\/7\/portfolio\/susan-thomson-tybyra-e-o-arlequim\/\"  class=\"more-link\">Ensaio visual: O filme <em>Tybyra e o Arlequim<\/em><br><span class=\"autor_portfolio\">Susan Thomson<\/span><\/a>\n\t\t\t\t  <\/div>\n\t\t\t\t <\/div>\n\t\t\t\t<\/div>\n\t\t\t\t\t\t\t<div class=\"six mobile-two columns mobile-fullwidth\">\t\n\t\t\t <div class=\"row\">\n\t\t\t\t<div class=\"twelve columns\">\n\t\t\t\t\n\t\t\t\t\t\t\t\t\t\t\t<h3 class=\"post_title\"><a href=\"https:\/\/institutomesa.org\/revistamesa\/edicoes\/7\/portfolio\/susan-thomson-diosmar-filho\/\">Entrevista: Diosmar Filho<\/a><\/h3>\n\t\t\t\t\t\t\t\t\t\t\n\t\t\t\t\t<!-- Portfolio post-thumb gallery -->\n\t\t\t\t\t\t<div class=\"portfolio_thumb\"><a title=\"Entrevista: Diosmar Filho\" href=\"https:\/\/institutomesa.org\/revistamesa\/edicoes\/7\/portfolio\/susan-thomson-diosmar-filho\/\" class=\"custom-port\"><img src=\"http:\/\/institutomesa.org\/revistamesa\/edicoes\/7\/wp-content\/uploads\/sites\/3\/2025\/09\/Diosmar-Filho-Foto-Capa-330x220.png\"  title=\"Entrevista: Diosmar Filho\"\/><\/a><\/div>\n\t\t\t\t\t<!-- END Portfolio post-thumb gallery -->\n\n\t\t\t\t\t <!--BEGIN excerpt content -->\n\t\t\t\t\t \t\t\t\t\t\t<p><\/p>\n\t\t\t\t\t\t\n\t\t\t\t\t <!--END excerpt content -->\n\n\t\t\t\t\t<a href=\"https:\/\/institutomesa.org\/revistamesa\/edicoes\/7\/portfolio\/susan-thomson-diosmar-filho\/\"  class=\"more-link\">Entrevista: Diosmar Filho<br><span class=\"autor_portfolio\">Ra\u00e7a, g\u00eanero e territ\u00f3rio: agenda das mudan\u00e7as clim\u00e1ticas<\/span><\/a>\n\t\t\t\t  <\/div>\n\t\t\t\t <\/div>\n\t\t\t\t<\/div>\n\t\t\t\t\t\t\t<div class=\"six mobile-two columns mobile-fullwidth\">\t\n\t\t\t <div class=\"row\">\n\t\t\t\t<div class=\"twelve columns\">\n\t\t\t\t\n\t\t\t\t\t\t\t\t\t\t\t<h3 class=\"post_title\"><a href=\"https:\/\/institutomesa.org\/revistamesa\/edicoes\/7\/portfolio\/susan-thomson-mika-peck\/\">Entrevista: Mika Peck<\/a><\/h3>\n\t\t\t\t\t\t\t\t\t\t\n\t\t\t\t\t<!-- Portfolio post-thumb gallery -->\n\t\t\t\t\t\t<div class=\"portfolio_thumb\"><a title=\"Entrevista: Mika Peck\" href=\"https:\/\/institutomesa.org\/revistamesa\/edicoes\/7\/portfolio\/susan-thomson-mika-peck\/\" class=\"custom-port\"><img src=\"http:\/\/institutomesa.org\/revistamesa\/edicoes\/7\/wp-content\/uploads\/sites\/3\/2025\/09\/Imagem-capa_retrato-Mika-Peck.18-330x220.png\"  title=\"Entrevista: Mika Peck\"\/><\/a><\/div>\n\t\t\t\t\t<!-- END Portfolio post-thumb gallery -->\n\n\t\t\t\t\t <!--BEGIN excerpt content -->\n\t\t\t\t\t \t\t\t\t\t\t<p><\/p>\n\t\t\t\t\t\t\n\t\t\t\t\t <!--END excerpt content -->\n\n\t\t\t\t\t<a href=\"https:\/\/institutomesa.org\/revistamesa\/edicoes\/7\/portfolio\/susan-thomson-mika-peck\/\"  class=\"more-link\">Entrevista: Mika Peck<br><span class=\"autor_portfolio\">Biodiversidade e os direitos da natureza<\/span><\/a>\n\t\t\t\t  <\/div>\n\t\t\t\t <\/div>\n\t\t\t\t<\/div>\n\t\t\t\t\t\t\t\t\t\t\t\t\t\t\n\t\t\t\t\n\t  <\/div> <!-- end row assorted -->\t\n\t<!-- End Gallery with PrettyPhoto plugin -->\n\n\n\t\n","protected":false},"excerpt":{"rendered":"<p>Susan Thomson: Direitos humanos \/ direitos da natureza<\/p>\n","protected":false},"author":1,"featured_media":0,"parent":0,"menu_order":0,"comment_status":"closed","ping_status":"closed","template":"","meta":[],"_links":{"self":[{"href":"https:\/\/institutomesa.org\/revistamesa\/edicoes\/7\/wp-json\/wp\/v2\/pages\/4591"}],"collection":[{"href":"https:\/\/institutomesa.org\/revistamesa\/edicoes\/7\/wp-json\/wp\/v2\/pages"}],"about":[{"href":"https:\/\/institutomesa.org\/revistamesa\/edicoes\/7\/wp-json\/wp\/v2\/types\/page"}],"author":[{"embeddable":true,"href":"https:\/\/institutomesa.org\/revistamesa\/edicoes\/7\/wp-json\/wp\/v2\/users\/1"}],"replies":[{"embeddable":true,"href":"https:\/\/institutomesa.org\/revistamesa\/edicoes\/7\/wp-json\/wp\/v2\/comments?post=4591"}],"version-history":[{"count":6,"href":"https:\/\/institutomesa.org\/revistamesa\/edicoes\/7\/wp-json\/wp\/v2\/pages\/4591\/revisions"}],"predecessor-version":[{"id":5996,"href":"https:\/\/institutomesa.org\/revistamesa\/edicoes\/7\/wp-json\/wp\/v2\/pages\/4591\/revisions\/5996"}],"wp:attachment":[{"href":"https:\/\/institutomesa.org\/revistamesa\/edicoes\/7\/wp-json\/wp\/v2\/media?parent=4591"}],"curies":[{"name":"wp","href":"https:\/\/api.w.org\/{rel}","templated":true}]}}