{"id":2463,"date":"2021-03-22T12:20:59","date_gmt":"2021-03-22T15:20:59","guid":{"rendered":"http:\/\/institutomesa.org\/revistamesa\/edicoes\/6\/?page_id=2463"},"modified":"2025-10-06T15:50:01","modified_gmt":"2025-10-06T18:50:01","slug":"agradecimentos-creditos","status":"publish","type":"page","link":"https:\/\/institutomesa.org\/revistamesa\/edicoes\/7\/agradecimentos-creditos\/","title":{"rendered":"Agradecimentos &amp; Cr\u00e9ditos"},"content":{"rendered":"\n<figure class=\"wp-block-image size-full\"><img loading=\"lazy\" width=\"1000\" height=\"815\" src=\"https:\/\/institutomesa.org\/revistamesa\/edicoes\/7\/wp-content\/uploads\/sites\/3\/2025\/10\/MESA-7-edicao-agradecimento-e-creditos.jpeg\" alt=\"\" class=\"wp-image-5633\" srcset=\"https:\/\/institutomesa.org\/revistamesa\/edicoes\/7\/wp-content\/uploads\/sites\/3\/2025\/10\/MESA-7-edicao-agradecimento-e-creditos.jpeg 1000w, https:\/\/institutomesa.org\/revistamesa\/edicoes\/7\/wp-content\/uploads\/sites\/3\/2025\/10\/MESA-7-edicao-agradecimento-e-creditos-300x245.jpeg 300w, https:\/\/institutomesa.org\/revistamesa\/edicoes\/7\/wp-content\/uploads\/sites\/3\/2025\/10\/MESA-7-edicao-agradecimento-e-creditos-768x626.jpeg 768w\" sizes=\"(max-width: 1000px) 100vw, 1000px\" \/><figcaption>Cesar Oiticica Filho. \u201cDespertar a Guanabara\u201d. Ensaio em colabora\u00e7\u00e3o com Iazana Guizzo, 2025<\/figcaption><\/figure>\n\n\n\n<h2>Agradecimentos &amp; Cr\u00e9ditos<\/h2>\n\n\n\n<p><\/p>\n\n\n\n<p>Agradecemos imensamente a colabora\u00e7\u00e3o e empenho de todos os contribuidores. Gratid\u00e3o pelas m\u00faltiplas conversas e trocas, muitas tecidas ao longo de v\u00e1rios anos, refor\u00e7ando a import\u00e2ncia de um outro capital \u2014 de tempo, afeto e dedica\u00e7\u00e3o. Somente atrav\u00e9s dessa participa\u00e7\u00e3o plena \u00e9 que foi poss\u00edvel realizar esta revista.<\/p>\n\n\n\n<p><strong>Aos artistas residentes:<\/strong><br>Esta edi\u00e7\u00e3o trouxe uma nova proposta editorial atrav\u00e9s de tr\u00eas artistas residentes\/coeditores, no intuito de desenvolver contribui\u00e7\u00f5es de forma org\u00e2nica, po\u00e9tica e singular. Agradecemos profundamente \u00e0 Grande Companhia Brasileira de Myst\u00e9rios e Novidades (L\u00edgia Veiga e Mar\u00edlia Felipe, especialmente), e a Jorge Menna Barreto e Susan Thomson, pelo acolhimento em suas pesquisas e projetos, pela conviv\u00eancia, poesia e reflex\u00f5es.<\/p>\n\n\n\n<p><strong>\u00c0 participa\u00e7\u00e3o especial:<\/strong><br>\u00c0 M\u00f4nica Hoff pelas trocas quando o conceito desta revista estava nascendo.<\/p>\n\n\n\n<p><strong>Aos autores: <\/strong>Alice Poppe, Ana Luiza Nobre, Anna Carolina Vicentini Zacharias, Beatriz Virg\u00ednia Gomes Belmiro, Carla Santana, Caroline Valansi, Cesar Oiticica Filho, Diana Kolker, Iazana Guizzo, Jialu Pombo, Jo\u00e3o Paulo Tukano, Juan L\u00f3pez Intz\u00edn, Kimberly Veiga, Lucas Van de Beuque, M\u00e9lanie Mozzer, M\u00f4nica Hoff, Natasha Felix, Sandra Benites, Sara Ramos, Savio Ribeiro, Suellen Cloud, Tania Rivera e Tato Taborda.<\/p>\n\n\n\n<p><strong>Aos colaboradores nas iniciativas dos artistas residentes: <\/strong>Ana Paula Dias, Anna Dantes, Bruno Bonaventure para Sound Design, Carlos Santos, Cristina Basilio Thomas, Diosmar Filho, Elan Barreto, Fabio Scarano, Guar\u00e1 do Vale, Isabella Moriconi, Joe Buggilla, Karina S\u00e9rgio Gomes, Karen Eppinghaus, Lelena Anhaia, M\u00e3e Sara, Mika Peck, Mila Costa, Omb\u00e1 Y\u00ee\u00e0r\u00e1, Rafael Rodriguez, Rodolfo Rizzo e Ma\u00e7\u00e3 Verde Filmes, Sophia Faustino, Yuri Ramundo.<\/p>\n\n\n\n<p><strong>\u00c0s institui\u00e7\u00f5es e organiza\u00e7\u00f5es parceiras<\/strong>:<br>\u00c0 Casa Resist\u00eancias, em especial \u00e0 Beatriz Virg\u00ednia Gomes Belmiro e \u00e0 Kimberly Veiga. \u00c0 Bia Ardura e \u00e0 Dayanna Gusm\u00e3o pelas conversas no caminho e \u00e0 Susan Thomson pela centelha. A parceria tamb\u00e9m foi constru\u00edda junto ao Imagens do Povo. Estamos extremamente gratos a eles, \u00e0 Suellen Cloud, pela fotografia, e \u00e0 Erika Tambke, que nos acompanha.<\/p>\n\n\n\n<p>Al\u00e9m de agradecer a Companhia de Myst\u00e9rios e Novidades, tamb\u00e9m agradecemos \u00e0 Iazana Guizzo e ao Floresta Cidade (Projeto de Pesquisa e Extens\u00e3o do Departamento de Arquitetura e Urbanismo da UFRJ), pela colabora\u00e7\u00e3o, conviv\u00eancia e afeto.<\/p>\n\n\n\n<p>V\u00e1rios conte\u00fados da revista foram tecidos a partir de iniciativas, programas e aulas abertas do Programa de P\u00f3s-Gradua\u00e7\u00e3o em Estudos Contempor\u00e2neos das Artes (PPGCA\/UFF). Agradecemos imensamente a todos os envolvidos e ao programa pela colabora\u00e7\u00e3o.<\/p>\n\n\n\n<p><strong>Aos fot\u00f3grafos\/artistas\/individuais\/organiza\u00e7\u00f5es por facilitar o acesso e\/ou ceder imagens e\/ou outro conte\u00fado audiovisual<\/strong>:<br>Adriana Krohling Kunsch; Alexandra Pessoa; Aza Cosmosopa; Amaz\u00f4nia Real; Associa\u00e7\u00e3o de Pesquisa Iyaleta;Ax\u00e9 Bonekey; Betty Pereira; Biblioteca Unesco; Camila Freitas; Carlos M. Teixeira; Cei\u00e7a Ferreira; Companhia de Myst\u00e9rios e Novidades; D\u00e9bora Oelsner Lopes; Denilson Baniwa; Ecoforensic; Est\u00fadio Vazio; Mari Muri; Diana Taylor; Gabi Bandeira; Gabriella Marinho; George Branco; Guar\u00e1 do Vale; Instituto Iep\u00e9; Jefferson Medeiros; Jhony Aguiar; Jo\u00e3o Paulo Ovidio; Leonardo Viana Braga; Luan Citele; Maria das Gra\u00e7as Garcia Bueno Dragus; Mariana Berta; Maur\u00edcio Loren\u00e7o; Nelson Maca; Pedro Leal; Pinacoteca de S\u00e3o Paulo; Projeto Corpo, Gesto, Afeto; Levi Fanan; Sert\u00e3o Negro; Thais Aquino; Vitor Szpiz e Ximenne Freitas.<\/p>\n\n\n\n<p><strong>\u00c0 equipe colaboradora:<\/strong><br>A JP Studio digital pela constru\u00e7\u00e3o do site da revista, apoio e colabora\u00e7\u00e3o, em especial a Richardy Jacques e Giovani Poletto.<\/p>\n\n\n\n<p>\u00c0 Luisa Caron, pela atenciosa e cuidadosa revis\u00e3o ao longo desses \u00faltimos meses.<\/p>\n\n\n\n<p>\u00c0 Domi Valansi pela comunica\u00e7\u00e3o, trocas e sugest\u00f5es.<\/p>\n\n\n\n<p><strong>Aos apoios:<\/strong><br>Ao British Council, pelo apoio da resid\u00eancia de Susan Thomson atrav\u00e9s de seu Programa Plural e, em especial, a Effie Vourakis e Cristina Becker.<\/p>\n\n\n\n<p>Ao Office of Research, da Universidade da Calif\u00f3rnia, Santa Cruz (UCSC), fundamental para a realiza\u00e7\u00e3o do projeto de Jorge Menna Barreto.<\/p>\n\n\n\n<p>Ao Governo Federal, Minist\u00e9rio da Cultura, Governo do Estado do Rio de Janeiro, Secretaria de Estado de Cultura e Economia Criativa, atrav\u00e9s da Pol\u00edtica Nacional Aldir Blanc.<\/p>\n\n\n\n<p><strong>Ficha t\u00e9cnica<\/strong><\/p>\n\n\n\n<p><strong>Equipe<\/strong><\/p>\n\n\n\n<p><strong>Editores 7\u00aa edi\u00e7\u00e3o<br><\/strong>Jessica Gogan<br>Luiz Guilherme Vergara<\/p>\n\n\n\n<p><strong>Coordena\u00e7\u00e3o geral<br><\/strong>Jessica Gogan<\/p>\n\n\n\n<p><strong>Produ\u00e7\u00e3o executiva<br><\/strong>Sabrina Curi<\/p>\n\n\n\n<p><strong>Design do site<\/strong><br>Monocromo<br>Criamente (6\u00aa edi\u00e7\u00e3o)<br>JP Studio Digital (7\u00aa edi\u00e7\u00e3o)<\/p>\n\n\n\n<p><strong>Identidade Visual MESA<\/strong><br>Dupla Design<\/p>\n\n\n\n<p><strong>Assistente de comunica\u00e7\u00e3o<\/strong><br>Domi Valansi<\/p>\n\n\n\n<p><strong>Revis\u00e3o<\/strong><br>Luisa Caron (portugu\u00eas)<\/p>\n\n\n\n<p><strong>Tradu\u00e7\u00e3o<\/strong><br>(portugu\u00eas \u2013 ingl\u00eas) Jessica Gogan<\/p>\n\n\n\n<p>ISSN: 2319-0264<\/p>\n\n\n\n<p><strong>Roteiro Imagens Capa<\/strong><br>Jorge Menna Barreto e Pedro Leal. <em>Olho Seco<\/em>, 2022. Foto.<br>Aza Cosmosopa. <em>Macr\u00f4micra<\/em>, 2022. Desenho.<br>Carla Santana. S\u00e9rie: <em>tudo se v\u00ea no caminho<\/em>, 2023. Argila e pigmentos naturais sobre tela, 80 x 80 cm.<br>Karen Eppinghaus. Companhia de Myst\u00e9rios e Novidades, <em>Auto do Belo Amor,<\/em> 2024. Foto.<br>Susan Thomson, dir. <em>Tybyra e o Arlequim,<\/em> 2022. Frame.<br>Lucas Van de Beuque. \u201cZ\u00e9 Bezerra no Vale do Catimbau, Pernambuco\u201d, 2024. Foto.<br>Camila Freitas dir. <em>Ch\u00e3o<\/em>, 2021. Frame.<br>Cesar Oiticica Filho. \u201cDesperto com a Guanabara.\u201d Colabora\u00e7\u00e3o com Iazana Guizzo, 2025. Foto.<br>Jialu Pombo, <em>Uma criatura sem nome corporificando a experi\u00eancia encara a terra<\/em>. Colagem, 2025.<br>Suellen Cloud. Celebra\u00e7\u00e3o de abertura da nova Casa Resist\u00eancias, 2024. Foto.<\/p>\n\n\n\n<p><strong>Imagens\/fotos\/obras\/v\u00eddeo<\/strong><br>Amaz\u00f4nia Real; Aza Cosmosopa; Ax\u00e9 Bonekey; Betty Pereira; Camila Freitas; Carlos M. Teixeira; Denilson Baniwa; Diana Taylor; Gabriella Marinho; George Branco; Guar\u00e1 do Vale; Jefferson Medeiros; Jessica Gogan; Jhony Aguiar; Jo\u00e3o Cabral de Melo Neto (atrav\u00e9s de Maria das Gra\u00e7as Garcia Bueno Dragus); Jorge Menna Barreto; Karen Eppinghaus; Isabella Moriconi; Leonardo Viana Braga; Luan Citele; Mariana Berta; Mari Muri; Pedro Leal; Levi Fanan; Projeto Corpo, Gesto, Afeto; Rafael Rodriguez; Revista Correio da Unesco (fotos: Maurizio Buscarino\/Cortesia Biblioteca Unesco); Susan Thomson; Thais Aquino; Vitor Szpiz e Ximenne Freitas.<\/p>\n\n\n\n<p><strong>Minibios editorial e produ\u00e7\u00e3o<\/strong><\/p>\n\n\n\n<p><strong>Jessica Gogan<\/strong> \u00e9 diretora do Instituto MESA e editora geral da <em>Revista Mesa<\/em>. Doutora em Hist\u00f3ria da Arte (2016) e pesquisadora-colaboradora no Programa de P\u00f3s- Gradua\u00e7\u00e3o em Estudos Contempor\u00e2neos das Artes da Universidade Federal Fluminense (UFF), onde tamb\u00e9m realizou p\u00f3s-doutorado (2018\u20132023). Pesquisa e atua nas intersec\u00e7\u00f5es das pr\u00e1ticas art\u00edsticas, cl\u00ednicas e pedag\u00f3gicas. Entre outros, organizou os livros: <em>Domingos da Cria\u00e7\u00e3o: Uma cole\u00e7\u00e3o po\u00e9tica do experimental na arte e educa\u00e7\u00e3o <\/em>(2017) em colabora\u00e7\u00e3o com Frederico Morais, e <em>Eu n\u00e3o sei o que dizer mas desejo profundamente que voc\u00ea me escute<\/em> (2024).<\/p>\n\n\n\n<p><strong>Luiz Guilherme Vergara<\/strong> \u00e9 professor associado do departamento de Arte e membro do Programa de P\u00f3s-Gradua\u00e7\u00e3o em Estudos Contempor\u00e2neos das Artes da Universidade Federal Fluminense (PPGCA\/UFF) e cofundador do Instituto Mesa. Foi coordenador do curso de gradua\u00e7\u00e3o em Artes (2019\u20132024) e diretor do Museu de Arte Contempor\u00e2nea (MAC) de Niter\u00f3i entre 2005\u20132008 e 2013\u20132016. Coordena o grupo de pesquisa (CNPq) <em>y<\/em>nterfluxes contempor\u00e2neos: Arte Comunidade e Natureza.&nbsp;<\/p>\n\n\n\n<p><strong>Sabrina Curi<\/strong> \u00e9 cofundadora e coordenadora geral do Instituto Mesa. Graduada em Produ\u00e7\u00e3o Cultural UFF (2002), foi Diretora de Desenvolvimento do MAC de Niter\u00f3i (2013\u20132017). Produtora da Revista Mesa (7 edi\u00e7\u00f5es\/2010\u20132025) e da publica\u00e7\u00e3o <em>Domingos da Cria\u00e7\u00e3o: uma cole\u00e7\u00e3o po\u00e9tica do experimental na arte e educa\u00e7\u00e3o<\/em> (2017). Destacam-se, ainda, a ger\u00eancia do N\u00facleo Experimental de Educa\u00e7\u00e3o e Arte do MAM\u2013RJ (2009\u20132013), a produ\u00e7\u00e3o do educativo H\u00e9lio Oiticica \u2013 \u201cMuseu \u00e9 o Mundo\u201d (Pa\u00e7o Imperial\/Casa Fran\u00e7a Brasil, 2010) e do projeto O Sentido do P\u00fablico na Arte (2013\u20132014 Pr\u00eamio Funarte), dentre outros projetos do Instituto Mesa.<\/p>\n\n\n\n<p><strong>Revis\u00e3o<br>Luisa Caron<\/strong> \u00e9 revisora. Graduada em Letras \u2013 Portugu\u00eas pela Universidade de S\u00e3o Paulo (USP) e mestre em Literatura pela Universidade Federal Fluminense (UFF), presta servi\u00e7o para diversas empresas e institui\u00e7\u00f5es, como MASP, SESI Lab, Instituto Vladimir Herzog, SOF e Expomus. Paralelamente, cursa licenciatura em Dan\u00e7a, na Universidade Federal do Rio de Janeiro (UFRJ), e atua como assistente de produ\u00e7\u00e3o em projetos culturais, principalmente voltados ao fomento da literatura, e como comunicadora na a\u00e7\u00e3o cultural escola da palavra.<\/p>\n\n\n\n<p><strong>Comunica\u00e7\u00e3o<br>Domi Valansi<\/strong> \u00e9 jornalista, escritora e social media. Trabalha na comunica\u00e7\u00e3o digital da ArtRio e Festival do Rio de Cinema. Integrou a comunica\u00e7\u00e3o do MAM Rio, Rio2C, Museu Hist\u00f3rico da Cidade, Instituto Hist\u00f3rico e Geogr\u00e1fico Brasileiro, Rio Mem\u00f3rias, FGV Arte, Solar de Grandjean de Montigny, entre outros. Participou da curadoria das duas edi\u00e7\u00f5es do NFT.Rio. \u00c9 embaixadora brasileira do evento internacional Museum Week desde 2022. Tem especializa\u00e7\u00e3o em Fotografia como instrumento das ci\u00eancias sociais e em Planejamento e produ\u00e7\u00e3o de exposi\u00e7\u00f5es. Participa da colet\u00e2nea \u201c50 escritoras neolatinas contempor\u00e2neas\u201d, da editora Philos.<\/p>\n\n\n\n<p><strong>Organiza\u00e7\u00e3o<\/strong>: Instituto Mesa<\/p>\n\n\n\n<p><strong>Apoios<\/strong>: British Council, Office of Research da Universidade de Calif\u00f3rnia, Santa Cruz (UCSC).<\/p>\n\n\n\n<p><strong>Parcerias<\/strong>: Casa Resist\u00eancias, Companhia de Myst\u00e9rios e Novidades, Floresta Cidade (UFRJ), Imagens do Povo, Programa de P\u00f3s-Gradua\u00e7\u00e3o em Estudos Contempor\u00e2neos das Artes (PPGCA\/UFF).<\/p>\n\n\n\n<p><strong>Realiza\u00e7\u00e3o<\/strong>: Governo Federal, Minist\u00e9rio da Cultura, Governo do Estado do Rio de Janeiro, Secretaria de Estado de Cultura e Economia Criativa, atrav\u00e9s da Pol\u00edtica Nacional Aldir Blanc.<\/p>\n\n\n\n<p><strong>Direitos autorais<\/strong><\/p>\n\n\n\n<p>O conte\u00fado dos artigos \u00e9 de exclusiva responsabilidade dos autores. \u00c9 proibida reprodu\u00e7\u00e3o, total ou parcial, sem pr\u00e9via autoriza\u00e7\u00e3o. Todos os direitos s\u00e3o reservados aos autores.<\/p>\n\n\n\n<p>\u00c9 proibida c\u00f3pia ou reprodu\u00e7\u00e3o, total ou parcial, das imagens e v\u00eddeos sem pr\u00e9via autoriza\u00e7\u00e3o dos autores.<\/p>\n\n\n\n<p>O Instituto Media\u00e7\u00e3o Encontro Sociedade e Arte \u2013 Mesa realizou todos os esfor\u00e7os para a identifica\u00e7\u00e3o e licenciamento dos registros fotogr\u00e1ficos publicados nesta revista. Em caso de d\u00favida, corre\u00e7\u00e3o e\/ou esclarecimento entre em contato: institutomesa@gmail.com<\/p>\n","protected":false},"excerpt":{"rendered":"<p>Agradecimentos &amp; Cr\u00e9ditos Agradecemos imensamente a colabora\u00e7\u00e3o e empenho de todos os contribuidores. Gratid\u00e3o pelas m\u00faltiplas conversas e trocas, muitas tecidas ao longo de v\u00e1rios anos, refor\u00e7ando a import\u00e2ncia de [&hellip;]<\/p>\n","protected":false},"author":1,"featured_media":0,"parent":0,"menu_order":0,"comment_status":"closed","ping_status":"closed","template":"","meta":[],"_links":{"self":[{"href":"https:\/\/institutomesa.org\/revistamesa\/edicoes\/7\/wp-json\/wp\/v2\/pages\/2463"}],"collection":[{"href":"https:\/\/institutomesa.org\/revistamesa\/edicoes\/7\/wp-json\/wp\/v2\/pages"}],"about":[{"href":"https:\/\/institutomesa.org\/revistamesa\/edicoes\/7\/wp-json\/wp\/v2\/types\/page"}],"author":[{"embeddable":true,"href":"https:\/\/institutomesa.org\/revistamesa\/edicoes\/7\/wp-json\/wp\/v2\/users\/1"}],"replies":[{"embeddable":true,"href":"https:\/\/institutomesa.org\/revistamesa\/edicoes\/7\/wp-json\/wp\/v2\/comments?post=2463"}],"version-history":[{"count":7,"href":"https:\/\/institutomesa.org\/revistamesa\/edicoes\/7\/wp-json\/wp\/v2\/pages\/2463\/revisions"}],"predecessor-version":[{"id":5877,"href":"https:\/\/institutomesa.org\/revistamesa\/edicoes\/7\/wp-json\/wp\/v2\/pages\/2463\/revisions\/5877"}],"wp:attachment":[{"href":"https:\/\/institutomesa.org\/revistamesa\/edicoes\/7\/wp-json\/wp\/v2\/media?parent=2463"}],"curies":[{"name":"wp","href":"https:\/\/api.w.org\/{rel}","templated":true}]}}