{"id":84,"date":"2021-03-09T14:35:19","date_gmt":"2021-03-09T17:35:19","guid":{"rendered":"http:\/\/institutomesa.org\/revistamesa\/edicoes\/6\/?page_id=84"},"modified":"2021-03-30T11:06:05","modified_gmt":"2021-03-30T14:06:05","slug":"cartografias-singulares-de-sao-goncalo-devolvendo-o-mundo-ao-mundo","status":"publish","type":"page","link":"https:\/\/institutomesa.org\/revistamesa\/edicoes\/6\/cartografias-singulares-de-sao-goncalo-devolvendo-o-mundo-ao-mundo\/","title":{"rendered":"Cartografias de S\u00e3o Gon\u00e7alo: Devolvendo o mundo ao mundo"},"content":{"rendered":"\n<h2>Cartografias de S\u00e3o Gon\u00e7alo: Devolvendo o mundo ao mundo<\/h2>\n\n\n\n\t\t<!-- Gallery with PrettyPhoto plugin -->\n\t\t<div class=\"row assorted\">\t\t\t\t\n\n\t\t\t \t\t\t<div class=\"six mobile-two columns mobile-fullwidth\">\t\n\t\t\t <div class=\"row\">\n\t\t\t\t<div class=\"twelve columns\">\n\t\t\t\t\n\t\t\t\t\t\t\t\t\t\t\t<h3 class=\"post_title\"><a href=\"https:\/\/institutomesa.org\/revistamesa\/edicoes\/6\/portfolio\/jeff-medeiros\/\">Lugar de pot\u00eancia de vida: Quem nos desvelar\u00e1, se n\u00e3o n\u00f3s?<\/a><\/h3>\n\t\t\t\t\t\t\t\t\t\t\n\t\t\t\t\t<!-- Portfolio post-thumb gallery -->\n\t\t\t\t\t\t<div class=\"portfolio_thumb\"><a title=\"Lugar de pot\u00eancia de vida: Quem nos desvelar\u00e1, se n\u00e3o n\u00f3s?\" href=\"https:\/\/institutomesa.org\/revistamesa\/edicoes\/6\/portfolio\/jeff-medeiros\/\" class=\"custom-port\"><img src=\"http:\/\/institutomesa.org\/revistamesa\/edicoes\/6\/wp-content\/uploads\/sites\/2\/2021\/04\/jeff-2-330x220.jpg\"  title=\"Lugar de pot\u00eancia de vida: Quem nos desvelar\u00e1, se n\u00e3o n\u00f3s?\"\/><\/a><\/div>\n\t\t\t\t\t<!-- END Portfolio post-thumb gallery -->\n\n\t\t\t\t\t <!--BEGIN excerpt content -->\n\t\t\t\t\t \t\t\t\t\t\t<p><\/p>\n\t\t\t\t\t\t\n\t\t\t\t\t <!--END excerpt content -->\n\n\t\t\t\t\t<a href=\"https:\/\/institutomesa.org\/revistamesa\/edicoes\/6\/portfolio\/jeff-medeiros\/\"  class=\"more-link\">Lugar de pot\u00eancia de vida: Quem nos desvelar\u00e1, se n\u00e3o n\u00f3s?<br><span class=\"autor_portfolio\">Jefferson Medeiros<\/span><\/a>\n\t\t\t\t  <\/div>\n\t\t\t\t <\/div>\n\t\t\t\t<\/div>\n\t\t\t\t\t\t\t<div class=\"six mobile-two columns mobile-fullwidth\">\t\n\t\t\t <div class=\"row\">\n\t\t\t\t<div class=\"twelve columns\">\n\t\t\t\t\n\t\t\t\t\t\t\t\t\t\t\t<h3 class=\"post_title\"><a href=\"https:\/\/institutomesa.org\/revistamesa\/edicoes\/6\/portfolio\/gabriela-bandeira\/\">Aten\u00e7\u00e3o \u00e0s redes de si<\/a><\/h3>\n\t\t\t\t\t\t\t\t\t\t\n\t\t\t\t\t<!-- Portfolio post-thumb gallery -->\n\t\t\t\t\t\t<div class=\"portfolio_thumb\"><a title=\"Aten\u00e7\u00e3o \u00e0s redes de si\" href=\"https:\/\/institutomesa.org\/revistamesa\/edicoes\/6\/portfolio\/gabriela-bandeira\/\" class=\"custom-port\"><img src=\"http:\/\/institutomesa.org\/revistamesa\/edicoes\/6\/wp-content\/uploads\/sites\/2\/2021\/03\/Gabi_capa_CAIS-DO-PORTO-330x220.jpg\"  title=\"Aten\u00e7\u00e3o \u00e0s redes de si\"\/><\/a><\/div>\n\t\t\t\t\t<!-- END Portfolio post-thumb gallery -->\n\n\t\t\t\t\t <!--BEGIN excerpt content -->\n\t\t\t\t\t \t\t\t\t\t\t<p><\/p>\n\t\t\t\t\t\t\n\t\t\t\t\t <!--END excerpt content -->\n\n\t\t\t\t\t<a href=\"https:\/\/institutomesa.org\/revistamesa\/edicoes\/6\/portfolio\/gabriela-bandeira\/\"  class=\"more-link\">Aten\u00e7\u00e3o \u00e0s redes de si<br><span class=\"autor_portfolio\">Gabi Bandeira<\/span><\/a>\n\t\t\t\t  <\/div>\n\t\t\t\t <\/div>\n\t\t\t\t<\/div>\n\t\t\t\t\t\t\t<div class=\"six mobile-two columns mobile-fullwidth\">\t\n\t\t\t <div class=\"row\">\n\t\t\t\t<div class=\"twelve columns\">\n\t\t\t\t\n\t\t\t\t\t\t\t\t\t\t\t<h3 class=\"post_title\"><a href=\"https:\/\/institutomesa.org\/revistamesa\/edicoes\/6\/portfolio\/renata-bazilio\/\">Relatos de mulheres resistentes: Marisa Chaves, Oscarina Siqueira, Cristhiane Malungo, Aila Ailita<\/a><\/h3>\n\t\t\t\t\t\t\t\t\t\t\n\t\t\t\t\t<!-- Portfolio post-thumb gallery -->\n\t\t\t\t\t\t<div class=\"portfolio_thumb\"><a title=\"Relatos de mulheres resistentes: Marisa Chaves, Oscarina Siqueira, Cristhiane Malungo, Aila Ailita\" href=\"https:\/\/institutomesa.org\/revistamesa\/edicoes\/6\/portfolio\/renata-bazilio\/\" class=\"custom-port\"><img src=\"http:\/\/institutomesa.org\/revistamesa\/edicoes\/6\/wp-content\/uploads\/sites\/2\/2021\/03\/Ensaio-Visual_Fig-1_Oscarina-680x795-330x220.jpg\"  title=\"Relatos de mulheres resistentes: Marisa Chaves, Oscarina Siqueira, Cristhiane Malungo, Aila Ailita\"\/><\/a><\/div>\n\t\t\t\t\t<!-- END Portfolio post-thumb gallery -->\n\n\t\t\t\t\t <!--BEGIN excerpt content -->\n\t\t\t\t\t \t\t\t\t\t\t<p><\/p>\n\t\t\t\t\t\t\n\t\t\t\t\t <!--END excerpt content -->\n\n\t\t\t\t\t<a href=\"https:\/\/institutomesa.org\/revistamesa\/edicoes\/6\/portfolio\/renata-bazilio\/\"  class=\"more-link\">S\u00e3o Gon\u00e7alo \u00e0 frente: dar luz ao escondido no agir social. Relatos de mulheres resistentes: Marisa Chaves, Oscarina Siqueira, Cristhiane Malungo, Aila Ailita<br><span class=\"autor_portfolio\">Renata Bazilio (texto) Laura Lima (imagens)<\/span><\/a>\n\t\t\t\t  <\/div>\n\t\t\t\t <\/div>\n\t\t\t\t<\/div>\n\t\t\t\t\t\t\t<div class=\"six mobile-two columns mobile-fullwidth\">\t\n\t\t\t <div class=\"row\">\n\t\t\t\t<div class=\"twelve columns\">\n\t\t\t\t\n\t\t\t\t\t\t\t\t\t\t\t<h3 class=\"post_title\"><a href=\"https:\/\/institutomesa.org\/revistamesa\/edicoes\/6\/portfolio\/comecar-pelo-meio-por-uma-escola-que-nao-cabe\/\">Come\u00e7ar pelo meio: por uma escola que n\u00e3o cabe<\/a><\/h3>\n\t\t\t\t\t\t\t\t\t\t\n\t\t\t\t\t<!-- Portfolio post-thumb gallery -->\n\t\t\t\t\t\t<div class=\"portfolio_thumb\"><a title=\"Come\u00e7ar pelo meio: por uma escola que n\u00e3o cabe\" href=\"https:\/\/institutomesa.org\/revistamesa\/edicoes\/6\/portfolio\/comecar-pelo-meio-por-uma-escola-que-nao-cabe\/\" class=\"custom-port\"><img src=\"http:\/\/institutomesa.org\/revistamesa\/edicoes\/6\/wp-content\/uploads\/sites\/2\/2021\/04\/porta-330x220.jpg\"  title=\"Come\u00e7ar pelo meio: por uma escola que n\u00e3o cabe\"\/><\/a><\/div>\n\t\t\t\t\t<!-- END Portfolio post-thumb gallery -->\n\n\t\t\t\t\t <!--BEGIN excerpt content -->\n\t\t\t\t\t \t\t\t\t\t\t<p><\/p>\n\t\t\t\t\t\t\n\t\t\t\t\t <!--END excerpt content -->\n\n\t\t\t\t\t<a href=\"https:\/\/institutomesa.org\/revistamesa\/edicoes\/6\/portfolio\/comecar-pelo-meio-por-uma-escola-que-nao-cabe\/\"  class=\"more-link\">Come\u00e7ar pelo meio: por uma escola que n\u00e3o cabe<br><span class=\"autor_portfolio\">Madalena Vaz Pinto, Raquel Danielli, Renata Targino, Cintya Ferreira, Gabriel de Souza Vieira e Mariana da Lima Silva. <\/span><\/a>\n\t\t\t\t  <\/div>\n\t\t\t\t <\/div>\n\t\t\t\t<\/div>\n\t\t\t\t\t\t\t\t\t\t\t\t\t\t\n\t\t\t\t\n\t  <\/div> <!-- end row assorted -->\t\n\t<!-- End Gallery with PrettyPhoto plugin -->\n\n\n\t\n","protected":false},"excerpt":{"rendered":"<p>Cartografias de S\u00e3o Gon\u00e7alo: Devolvendo o mundo ao mundo<\/p>\n","protected":false},"author":1,"featured_media":0,"parent":0,"menu_order":0,"comment_status":"closed","ping_status":"closed","template":"","meta":[],"_links":{"self":[{"href":"https:\/\/institutomesa.org\/revistamesa\/edicoes\/6\/wp-json\/wp\/v2\/pages\/84"}],"collection":[{"href":"https:\/\/institutomesa.org\/revistamesa\/edicoes\/6\/wp-json\/wp\/v2\/pages"}],"about":[{"href":"https:\/\/institutomesa.org\/revistamesa\/edicoes\/6\/wp-json\/wp\/v2\/types\/page"}],"author":[{"embeddable":true,"href":"https:\/\/institutomesa.org\/revistamesa\/edicoes\/6\/wp-json\/wp\/v2\/users\/1"}],"replies":[{"embeddable":true,"href":"https:\/\/institutomesa.org\/revistamesa\/edicoes\/6\/wp-json\/wp\/v2\/comments?post=84"}],"version-history":[{"count":5,"href":"https:\/\/institutomesa.org\/revistamesa\/edicoes\/6\/wp-json\/wp\/v2\/pages\/84\/revisions"}],"predecessor-version":[{"id":2953,"href":"https:\/\/institutomesa.org\/revistamesa\/edicoes\/6\/wp-json\/wp\/v2\/pages\/84\/revisions\/2953"}],"wp:attachment":[{"href":"https:\/\/institutomesa.org\/revistamesa\/edicoes\/6\/wp-json\/wp\/v2\/media?parent=84"}],"curies":[{"name":"wp","href":"https:\/\/api.w.org\/{rel}","templated":true}]}}