{"id":2702,"date":"2021-03-09T14:32:35","date_gmt":"2021-03-09T17:32:35","guid":{"rendered":"http:\/\/institutomesa.org\/revistamesa\/edicoes\/6\/do-in-eco-sistemico-de-rancho-verde-bumba-niteroi\/"},"modified":"2021-03-24T17:20:09","modified_gmt":"2021-03-24T20:20:09","slug":"do-in-eco-sistemico-de-rancho-verde-bumba-niteroi","status":"publish","type":"page","link":"https:\/\/institutomesa.org\/revistamesa\/edicoes\/6\/do-in-eco-sistemico-de-rancho-verde-bumba-niteroi\/?lang=en","title":{"rendered":"Ecosystemic Pressure Point, Bumba, Niter\u00f3i: Casa Museu Rancho Verde"},"content":{"rendered":"\n<h2>Ecosystemic Pressure Point, Bumba, Niter\u00f3i: Casa Museu Rancho Verde<\/h2>\n\n\n\t\t<!-- Gallery with PrettyPhoto plugin -->\n\t\t<div class=\"row assorted\">\t\t\t\t\n\n\t\t\t \t\t\t<div class=\"six mobile-two columns mobile-fullwidth\">\t\n\t\t\t <div class=\"row\">\n\t\t\t\t<div class=\"twelve columns\">\n\t\t\t\t\n\t\t\t\t\t\t\t\t\t\t\t<h3 class=\"post_title\"><a href=\"https:\/\/institutomesa.org\/revistamesa\/edicoes\/6\/portfolio\/priscilla-grimberg-maria-ignes-albuquerque\/?lang=en\">Casa Museu Rancho Verde: Um campo em constru\u00e7\u00e3o, uma ideia for\u00e7a, uma utopia<\/a><\/h3>\n\t\t\t\t\t\t\t\t\t\t\n\t\t\t\t\t<!-- Portfolio post-thumb gallery -->\n\t\t\t\t\t\t<div class=\"portfolio_thumb\"><a title=\"Casa Museu Rancho Verde: Um campo em constru\u00e7\u00e3o, uma ideia for\u00e7a, uma utopia\" href=\"https:\/\/institutomesa.org\/revistamesa\/edicoes\/6\/portfolio\/priscilla-grimberg-maria-ignes-albuquerque\/?lang=en\" class=\"custom-port\"><img src=\"http:\/\/institutomesa.org\/revistamesa\/edicoes\/6\/wp-content\/uploads\/sites\/2\/2021\/03\/capa-2-330x220.jpg\"  title=\"Casa Museu Rancho Verde: Um campo em constru\u00e7\u00e3o, uma ideia for\u00e7a, uma utopia\"\/><\/a><\/div>\n\t\t\t\t\t<!-- END Portfolio post-thumb gallery -->\n\n\t\t\t\t\t <!--BEGIN excerpt content -->\n\t\t\t\t\t \t\t\t\t\t\t<p><\/p>\n\t\t\t\t\t\t\n\t\t\t\t\t <!--END excerpt content -->\n\n\t\t\t\t\t<a href=\"https:\/\/institutomesa.org\/revistamesa\/edicoes\/6\/portfolio\/priscilla-grimberg-maria-ignes-albuquerque\/?lang=en\"  class=\"more-link\">Casa Museu Rancho Verde: An Idea, A Utopia, A Field under Construction<br><span class=\"autor_portfolio\">Priscilla Grimberg and Maria Ign\u00eas Albuquerque<\/span><\/a>\n\t\t\t\t  <\/div>\n\t\t\t\t <\/div>\n\t\t\t\t<\/div>\n\t\t\t\t\t\t\t<div class=\"six mobile-two columns mobile-fullwidth\">\t\n\t\t\t <div class=\"row\">\n\t\t\t\t<div class=\"twelve columns\">\n\t\t\t\t\n\t\t\t\t\t\t\t\t\t\t\t<h3 class=\"post_title\"><a href=\"https:\/\/institutomesa.org\/revistamesa\/edicoes\/6\/portfolio\/sandrine-teixido\/?lang=en\">Navigating in a Haunted Landscape: A Tale as a Tool at Morro do Bumba<\/a><\/h3>\n\t\t\t\t\t\t\t\t\t\t\n\t\t\t\t\t<!-- Portfolio post-thumb gallery -->\n\t\t\t\t\t\t<div class=\"portfolio_thumb\"><a title=\"Navigating in a Haunted Landscape: A Tale as a Tool at Morro do Bumba\" href=\"https:\/\/institutomesa.org\/revistamesa\/edicoes\/6\/portfolio\/sandrine-teixido\/?lang=en\" class=\"custom-port\"><img src=\"http:\/\/institutomesa.org\/revistamesa\/edicoes\/6\/wp-content\/uploads\/sites\/2\/2021\/03\/sandrine-330x220.jpg\"  title=\"Navigating in a Haunted Landscape: A Tale as a Tool at Morro do Bumba\"\/><\/a><\/div>\n\t\t\t\t\t<!-- END Portfolio post-thumb gallery -->\n\n\t\t\t\t\t <!--BEGIN excerpt content -->\n\t\t\t\t\t \t\t\t\t\t\t<p><\/p>\n\t\t\t\t\t\t\n\t\t\t\t\t <!--END excerpt content -->\n\n\t\t\t\t\t<a href=\"https:\/\/institutomesa.org\/revistamesa\/edicoes\/6\/portfolio\/sandrine-teixido\/?lang=en\"  class=\"more-link\">Navigating in a Haunted Landscape: A Tale as a Tool at Morro do Bumba<br><span class=\"autor_portfolio\">Sandrine Teixido<\/span><\/a>\n\t\t\t\t  <\/div>\n\t\t\t\t <\/div>\n\t\t\t\t<\/div>\n\t\t\t\t\t\t\t<div class=\"six mobile-two columns mobile-fullwidth\">\t\n\t\t\t <div class=\"row\">\n\t\t\t\t<div class=\"twelve columns\">\n\t\t\t\t\n\t\t\t\t\t\t\t\t\t\t\t<h3 class=\"post_title\"><a href=\"https:\/\/institutomesa.org\/revistamesa\/edicoes\/6\/portfolio\/cristiana-seixas\/?lang=en\">A po\u00e9tica do resgate<\/a><\/h3>\n\t\t\t\t\t\t\t\t\t\t\n\t\t\t\t\t<!-- Portfolio post-thumb gallery -->\n\t\t\t\t\t\t<div class=\"portfolio_thumb\"><a title=\"A po\u00e9tica do resgate\" href=\"https:\/\/institutomesa.org\/revistamesa\/edicoes\/6\/portfolio\/cristiana-seixas\/?lang=en\" class=\"custom-port\"><img src=\"http:\/\/institutomesa.org\/revistamesa\/edicoes\/6\/wp-content\/uploads\/sites\/2\/2021\/03\/imagem-5-Cris-foto-M.-Ignes-Albuquerque-1-330x220.jpg\"  title=\"A po\u00e9tica do resgate\"\/><\/a><\/div>\n\t\t\t\t\t<!-- END Portfolio post-thumb gallery -->\n\n\t\t\t\t\t <!--BEGIN excerpt content -->\n\t\t\t\t\t \t\t\t\t\t\t<p><\/p>\n\t\t\t\t\t\t\n\t\t\t\t\t <!--END excerpt content -->\n\n\t\t\t\t\t<a href=\"https:\/\/institutomesa.org\/revistamesa\/edicoes\/6\/portfolio\/cristiana-seixas\/?lang=en\"  class=\"more-link\">The Poetics of Rescue<br><span class=\"autor_portfolio\">Cristiana Seixas<\/span><\/a>\n\t\t\t\t  <\/div>\n\t\t\t\t <\/div>\n\t\t\t\t<\/div>\n\t\t\t\t\t\t\t<div class=\"six mobile-two columns mobile-fullwidth\">\t\n\t\t\t <div class=\"row\">\n\t\t\t\t<div class=\"twelve columns\">\n\t\t\t\t\n\t\t\t\t\t\t\t\t\t\t\t<h3 class=\"post_title\"><a href=\"https:\/\/institutomesa.org\/revistamesa\/edicoes\/6\/portfolio\/leandro-almeida\/?lang=en\">So said H.J.S<\/a><\/h3>\n\t\t\t\t\t\t\t\t\t\t\n\t\t\t\t\t<!-- Portfolio post-thumb gallery -->\n\t\t\t\t\t\t<div class=\"portfolio_thumb\"><a title=\"So said H.J.S\" href=\"https:\/\/institutomesa.org\/revistamesa\/edicoes\/6\/portfolio\/leandro-almeida\/?lang=en\" class=\"custom-port\"><img src=\"http:\/\/institutomesa.org\/revistamesa\/edicoes\/6\/wp-content\/uploads\/sites\/2\/2021\/03\/1-Fachada-da-casa-com-Hernandes-na-Cadeira-de-Balanco-330x220.jpg\"  title=\"So said H.J.S\"\/><\/a><\/div>\n\t\t\t\t\t<!-- END Portfolio post-thumb gallery -->\n\n\t\t\t\t\t <!--BEGIN excerpt content -->\n\t\t\t\t\t \t\t\t\t\t\t<p><\/p>\n\t\t\t\t\t\t\n\t\t\t\t\t <!--END excerpt content -->\n\n\t\t\t\t\t<a href=\"https:\/\/institutomesa.org\/revistamesa\/edicoes\/6\/portfolio\/leandro-almeida\/?lang=en\"  class=\"more-link\">So said H.J.S<br><span class=\"autor_portfolio\">Leandro Almeida<\/span><\/a>\n\t\t\t\t  <\/div>\n\t\t\t\t <\/div>\n\t\t\t\t<\/div>\n\t\t\t\t\t\t\t\t\t\t\t\t\t\t\n\t\t\t\t\n\t  <\/div> <!-- end row assorted -->\t\n\t<!-- End Gallery with PrettyPhoto plugin -->\n\n\n\t\n\n\n\n<p><\/p>\n","protected":false},"excerpt":{"rendered":"<p>Ecosystemic Pressure Point, Bumba, Niter\u00f3i: Casa Museu Rancho Verde<\/p>\n","protected":false},"author":1,"featured_media":0,"parent":0,"menu_order":0,"comment_status":"closed","ping_status":"closed","template":"","meta":[],"_links":{"self":[{"href":"https:\/\/institutomesa.org\/revistamesa\/edicoes\/6\/wp-json\/wp\/v2\/pages\/2702\/?lang=en"}],"collection":[{"href":"https:\/\/institutomesa.org\/revistamesa\/edicoes\/6\/wp-json\/wp\/v2\/pages\/?lang=en"}],"about":[{"href":"https:\/\/institutomesa.org\/revistamesa\/edicoes\/6\/wp-json\/wp\/v2\/types\/page\/?lang=en"}],"author":[{"embeddable":true,"href":"https:\/\/institutomesa.org\/revistamesa\/edicoes\/6\/wp-json\/wp\/v2\/users\/1\/?lang=en"}],"replies":[{"embeddable":true,"href":"https:\/\/institutomesa.org\/revistamesa\/edicoes\/6\/wp-json\/wp\/v2\/comments\/?lang=en&post=2702"}],"version-history":[{"count":3,"href":"https:\/\/institutomesa.org\/revistamesa\/edicoes\/6\/wp-json\/wp\/v2\/pages\/2702\/revisions\/?lang=en"}],"predecessor-version":[{"id":3814,"href":"https:\/\/institutomesa.org\/revistamesa\/edicoes\/6\/wp-json\/wp\/v2\/pages\/2702\/revisions\/3814\/?lang=en"}],"wp:attachment":[{"href":"https:\/\/institutomesa.org\/revistamesa\/edicoes\/6\/wp-json\/wp\/v2\/media\/?lang=en&parent=2702"}],"curies":[{"name":"wp","href":"https:\/\/api.w.org\/{rel}","templated":true}]}}