{"id":2463,"date":"2021-03-22T12:20:59","date_gmt":"2021-03-22T15:20:59","guid":{"rendered":"http:\/\/institutomesa.org\/revistamesa\/edicoes\/6\/?page_id=2463"},"modified":"2021-05-17T00:59:25","modified_gmt":"2021-05-17T03:59:25","slug":"agradecimentos-creditos","status":"publish","type":"page","link":"https:\/\/institutomesa.org\/revistamesa\/edicoes\/6\/agradecimentos-creditos\/","title":{"rendered":"Agradecimentos &amp; Cr\u00e9ditos"},"content":{"rendered":"\n<figure class=\"wp-block-image size-full\"><img loading=\"lazy\" width=\"1200\" height=\"803\" src=\"http:\/\/institutomesa.org\/revistamesa\/edicoes\/6\/wp-content\/uploads\/sites\/2\/2021\/03\/DSC_0065.jpg\" alt=\"\" class=\"wp-image-1013\" srcset=\"https:\/\/institutomesa.org\/revistamesa\/edicoes\/6\/wp-content\/uploads\/sites\/2\/2021\/03\/DSC_0065.jpg 1200w, https:\/\/institutomesa.org\/revistamesa\/edicoes\/6\/wp-content\/uploads\/sites\/2\/2021\/03\/DSC_0065-300x201.jpg 300w, https:\/\/institutomesa.org\/revistamesa\/edicoes\/6\/wp-content\/uploads\/sites\/2\/2021\/03\/DSC_0065-1024x685.jpg 1024w, https:\/\/institutomesa.org\/revistamesa\/edicoes\/6\/wp-content\/uploads\/sites\/2\/2021\/03\/DSC_0065-768x514.jpg 768w\" sizes=\"(max-width: 1200px) 100vw, 1200px\" \/><figcaption>Secret Garden, Ilha Achill, Irlanda, 2017. Foto: Jessica Gogan.<\/figcaption><\/figure>\n\n\n\n<h2>Agradecimentos &amp; Cr\u00e9ditos<\/h2>\n\n\n\n<h3>Agradecimentos<\/h3>\n\n\n\n<p>Agradecemos imensamente a colabora\u00e7\u00e3o e empenho de todos os contribuidores. Gratid\u00e3o pelas m\u00faltiplas conversas e trocas, muitos tecidos ao longo de v\u00e1rios anos, refor\u00e7ando a import\u00e2ncia de um outro capital \u2013 de tempo, afeto e dedica\u00e7\u00e3o. Somente atrav\u00e9s desta participa\u00e7\u00e3o plena foi poss\u00edvel realizar esta revista.<\/p>\n\n\n\n<h3>Aos autores e contribuidores:<\/h3>\n\n\n\n<p><strong>Brasil:<\/strong> Angela Mascelani, Anita Sobar, Cintya Ferreira, Cristina Seixas, Daniela Name, Diana Kolker, Diego Zelota, Dudu, Fabio Tremonte, Gabriel de Souza Vieira, Gabriela Bandeira, Gaby, Izabela Pucu, Izadora, Jeff Medeiros, Jessica Barbosa, Joyce Maravilha, Joana Mazza, Julio Verztman, Karina, Kaylane Rodrigues, Kaylanne, K\u00eania Maia, Larissa, Laura Lima, Leandro Almeida, L\u00edvia Moura, Luiz Guilherme Barbosa, Madalena Vaz Pinto, Maria Clara Zameii, Maria Clara Carrielo, Maria Ign\u00eas Albuquerque, Mariana de Lima Silva, Mauricio Dias, Pedro S\u00e1 Morais, Priscilla Grimberg, Raquel Danielli Mota, Renata Bazilia, Renata Targino, Sandro Rodrigues, Tania Kolker, Thais, Thiago Haule e Walter Riedweg.<\/p>\n\n\n\n<p><strong>Chipre<\/strong>: Alev Adil, Chyrstalleni Loizidou, H\u00fcseyin \u00d6zinal e Twenty Three. Em especial as co-editoras do estudo de caso Esra Plumer e Evanthia Tselika \u201cConversando atrav\u00e9s da Zona Tamp\u00e3o cipriota: tornando vis\u00edvel o invis\u00edvel.\u201d AA_U, EMAA, Free School, Hands on Famagusta, NeME, Pikadilli, ReAfrodite, Rooftop Theatre Group, Sidestreet Culture, Studio 21, Urban Gorillas, Visual Voices e Xarkis.<\/p>\n\n\n\n<p><strong>Irlanda:<\/strong> Anne Mulhall, Bernie Masterson, Doutsje Nouta, Reverendo Val Rodgers, Seamus McGuinness, Vukasin Nedeljkovic e Willem Van Goor. Em especial Helen O\u2019Donoghue co-editora do estudo de caso \u201cRevelando o escondido: a pr\u00e1tica art\u00edstica socialmente engajada na Irlanda.\u201d<\/p>\n\n\n\n<p><strong>Esc\u00f3cia:<\/strong> Caroline Gausden<\/p>\n\n\n\n<p><strong>Chile:<\/strong> Jos\u00e9 Santos Herceg e Maria Carolina Pizarro Cortes<\/p>\n\n\n\n<p><strong>Fran\u00e7a:<\/strong> Sandrine Teixido<\/p>\n\n\n\n<p><strong>Mexico: <\/strong>Mayra Martell<\/p>\n\n\n\n<h3>\u00c0s institui\u00e7\u00f5es e organiza\u00e7\u00f5es:<\/h3>\n\n\n\n<p>A todes os colaboradores da organiza\u00e7\u00e3o comunit\u00e1ria Casa Museu Rancho Verde, em especial \u00e0s coordenadoras Maria Ign\u00eas Albuquerque e Priscila Grimberg e os afetos m\u00fatuos constru\u00eddos ao longo de muitos anos.<\/p>\n\n\n\n<p>Glasgow Women\u2019s Library atrav\u00e9s da colabora\u00e7\u00e3o de Caroline Gausden e University of St Andrews, Esc\u00f3cia, atrav\u00e9s uma bolsa de pesquisa da Caroline apoiando a tradu\u00e7\u00e3o de seu artigo para portugu\u00eas.<\/p>\n\n\n\n<p>Embaixada da Irlanda no Brasil \u2013 pelo apoio nas tradu\u00e7\u00f5es dos textos \u2013, em especial Declan Heery e ao Sr. Embaixador Se\u00e1n Hoy.<\/p>\n\n\n\n<p>Rede Unida \u2013 pelo apoio na tradu\u00e7\u00e3o do texto de Seamus McGuiness e pela transmiss\u00e3o do lan\u00e7amento \u2013, em especial T\u00falio Franco e Daniel Bastos.<\/p>\n\n\n\n<p>Pela colabora\u00e7\u00e3o na tradu\u00e7\u00e3o simult\u00e2nea do lan\u00e7amento de Meta Tradu\u00e7\u00e3o Simult\u00e2nea (MTS) e os int\u00e9rpretes em forma\u00e7\u00e3o Adriana Ferreira Heery, Patr\u00edcia Finelli, Gra\u00e7a Pinheiro, Anahi Soares e Silva e os professores Raquel Ilha e Otto Mendon\u00e7a.<\/p>\n\n\n\n<p>Ao Instituto de Estudos Avan\u00e7ados (IDEA) da Universidade de Santiago do Chile atrav\u00e9s da participa\u00e7\u00e3o de Jos\u00e9 Santos Herceg e Carolina Pizarro Cortes e seu projeto de pesquisa intitulado <em>Tortura: concepto y experiencia<\/em> (Fondecyt 1180001, 2018-20), que apoiou a tradu\u00e7\u00e3o dos seus artigos para portugu\u00eas e ingl\u00eas.<\/p>\n\n\n\n<p>Ao Programa de P\u00f3s-Gradua\u00e7\u00e3o em Estudos Contempor\u00e2neas das Artes da Universidade Federal Fluminense atrav\u00e9s da colabora\u00e7\u00e3o dos alunos e ex-alunos do programa: Gabriela Bandeira, L\u00edvia Moura, Leo Alves, Jeff Medeiros e Anita Sobar; e participa\u00e7\u00e3o dos professores Jorge Vasconcellos, Luiz S\u00e9rgio Oliveira e Walmeri Ribeiro na programa\u00e7\u00e3o das lives. Em especial a Tania Rivera, com quem\u00a0a editora Jessica Gogan\u00a0realiza pesquisa de p\u00f3s-doutorado\u00a0atrav\u00e9s de\u00a0bolsa PNPD\/CAPES.<\/p>\n\n\n\n<h3>Equipe de suporte editorial e produ\u00e7\u00e3o<\/h3>\n\n\n\n<p>Thais Miranda pela tradu\u00e7\u00e3o impec\u00e1vel dos textos de ingl\u00eas para portugu\u00eas.<\/p>\n\n\n\n<p>Rafael Zacca pela revis\u00e3o precisa e preciosa.<\/p>\n\n\n\n<p>Pela produ\u00e7\u00e3o digital da Criamente e a dedica\u00e7\u00e3o de Eric Saboya.<\/p>\n\n\n\n<p>Caroline Bellomo e Marianna Kutassy pela produ\u00e7\u00e3o e organiza\u00e7\u00e3o<\/p>\n\n\n\n<h3>Cr\u00e9ditos<\/h3>\n\n\n\n<p><strong>Editores 6\u00aa edi\u00e7\u00e3o<\/strong><br>Jessica Gogan<br>Luiz Guilherme Vergara<\/p>\n\n\n\n<p><strong>Coordena\u00e7\u00e3o geral<\/strong><br>Jessica Gogan<\/p>\n\n\n\n<p><strong>Produ\u00e7\u00e3o executiva<\/strong><br>Sabrina Curi<\/p>\n\n\n\n<p><strong>Design do site<\/strong><br>Monocromo<br>Criamente (6\u00aa edi\u00e7\u00e3o)<\/p>\n\n\n\n<p><strong>Identidade Visual MESA<\/strong><br>Dupla Design<\/p>\n\n\n\n<p><strong>Assistente de comunica\u00e7\u00e3o<\/strong><br>Caroline Bellomo<\/p>\n\n\n\n<p><strong>Revis\u00e3o<\/strong><br>Rafael Zacca (Portugu\u00eas)<\/p>\n\n\n\n<p class=\"has-text-align-left\"><strong>Tradu\u00e7\u00e3o<\/strong><br>(Ingl\u00eas \u2013 Portugu\u00eas) Thais Miranda<br>(Portugu\u00eas \u2013 Ingl\u00eas) Jessica Gogan<br>(Espanhol \u2013 Portugu\u00eas)<br>&#8211; Thais Miranda (artigo de Jos\u00e9 Santos Herceg)<br>&#8211; Mila Araujo (artigo de Carolina Pizzaro Cortes)<br>(Espanhol \u2013 Ingl\u00eas)<br>&#8211; Diego Cabezas (artigo de Jos\u00e9 Santos Herceg)<br>&#8211; Carolina Pizarro Cortes (artigo de Carolina Pizarro Cortes )<\/p>\n\n\n\n<p><strong>Transcri\u00e7\u00e3o<\/strong><br>Alexandre Sandeville (Entrevista &#8211; Maur\u00edcio Dias e Walter Riedweg)<\/p>\n\n\n\n<h3><strong>Programa de Lan\u00e7amento &#8211; Lives<\/strong><\/h3>\n\n\n\n<p><em>Coordena\u00e7\u00e3o<\/em><br>Luiz Guilherme Vergara e Jessica Gogan<\/p>\n\n\n\n<p><em>Organiza\u00e7\u00e3o\/produ\u00e7\u00e3o<br><\/em>Marianna Kutassy<\/p>\n\n\n\n<p><em>Assistente de produ\u00e7\u00e3o <br><\/em>Caroline Bellomo<\/p>\n\n\n\n<p><em>Assist\u00eancia T\u00e9cnica<br><\/em>Lucas Rodrigues<\/p>\n\n\n\n<p><em>Designer<br><\/em>Alexandre Sandeville<\/p>\n\n\n\n<p><em>Colaboradores<br><\/em>Rede Unida<br>Embaixada da Irlanda no Brasil<br>Meta Tradu\u00e7\u00e3o Simult\u00e2nea (Adriana Ferreira Heery, Patr\u00edcia Finelli, Gra\u00e7a Pinheiro, Anahi Soares e Silva, Raquel Ilha e Otto Mendon\u00e7a)<\/p>\n\n\n\n<p><strong>Realiza\u00e7\u00e3o<\/strong><br>Instituto MESA<\/p>\n\n\n\n<p><strong>Patroc\u00ednio<\/strong><br>Edital de Chamada Emergencial de Premia\u00e7\u00e3o n\u00ba1\/2020 &#8211; &#8220;Retomada Cultural RJ&#8221;<br>Governo Federal, Governo do Estado do Rio de Janeiro, Secretaria de Estado de Cultura e Economia Criativa do Rio de Janeiro atrav\u00e9s da Lei Aldir Blanc.<\/p>\n\n\n\n<p>ISSN: 2319-0264<\/p>\n\n\n\n<p><strong>Imagens Capa<\/strong><\/p>\n\n\n\n<p>Casa Museu Rancho Verde. Foto: Leandro Almeida<br>Ulisses Pereira Chaves (Vale do Jequitinhonha, Minas Gerais) <em>Sem t\u00edtulo<\/em>, d\u00e9cada de 1970. Foto: Lucas Van de Beuque, Acervo Museu do Pontal<br>Jeff Medeiros. <em>Sustento<\/em>, 2020. Colher de pedreiro.<br>Seamus McGuinness. <em>21g<\/em>, instala\u00e7\u00e3o, 2003. Foto: Marcus Conunahan<br>Twenty Three. De(mock)racy, Cidade do M\u00e9xico, M\u00e9xico 2018<br>Memorial homenageando os desaparecidos da ditadura chilena (Museo de la Memoria, Chile). Foto: Aton Agency.<br>\u201cDestempos\u201d. Instala\u00e7\u00e3o na entrada da mostra. Foto: T\u00e2nia Kolker<br>Dias e Riedweg, <em>Corpo Santo<\/em>, 2012. Frame.<\/p>\n\n\n\n<h3>Mini bios editorial e produ\u00e7\u00e3o<\/h3>\n\n\n\n<p><strong>Jessica Gogan<\/strong> \u00e9 curadora, pesquisadora, educadora e diretora do Instituto MESA no Rio de Janeiro e editora geral da Revista MESA. Doutora em Hist\u00f3ria da Arte pela Universidade de Pittsburgh nos EUA (2016) pesquisa e atua nas interfaces entre arte e sociedade com foco nas intersec\u00e7\u00f5es das pr\u00e1ticas art\u00edsticas, cl\u00ednicas e pedag\u00f3gicas e modos de curadoria colaborativa e coletiva al\u00e9m dos modelos expositivos.&nbsp;Foi diretora de educa\u00e7\u00e3o e curadora de projetos especiais no Museu Andy Warhol (EUA) e atualmente \u00e9 bolsista de p\u00f3s-doutorado PNPD\/CAPES e professora colaboradora no Programa de P\u00f3s-gradua\u00e7\u00e3o em Estudos Contempor\u00e2neas das Artes da Universidade Federal Fluminense.<\/p>\n\n\n\n<p><strong>Luiz Guilherme Vergara.&nbsp;<\/strong>Prof. PhD. Associado. Departamento de Arte da Universidade Federal Fluminense (UFF). Coordenador do Curso de Gradua\u00e7\u00e3o em Artes (2019- ). Membro do Programa de P\u00f3s-Gradua\u00e7\u00e3o em Estudos Contempor\u00e2neos das Artes. Coordena Grupo de Pesquisa: Interfluxos Contempor\u00e2neos &#8211; Arte e Sociedade &#8211; CNPq, explorando as pr\u00e1ticas curatoriais e os acompanhamentos de processos art\u00edsticos transdisciplinares, ambientais, sociais e pedag\u00f3gicos da arte contempor\u00e2nea. Curador\/diretor do Museu de Arte Contempor\u00e2nea de Niter\u00f3i (MAC) de 2005-2008 e 2013-2016. \u00c9&nbsp; Co-fundador do Instituto MESA: Media\u00e7\u00f5es Encontros Sociedade e Arte e co-editor da Revista MESA.<\/p>\n\n\n\n<p><strong>Sabrina Curi. <\/strong>Co-fundadora e coordenadora geral do Instituto MESA. &nbsp;Graduada em Produ\u00e7\u00e3o Cultural pela Universidade Federal Fluminense (2002) foi Diretora de Desenvolvimento do Museu de Arte Contempor\u00e2nea de Niter\u00f3i (2013-2017). &nbsp;\u00c9 produtora da Revista MESA (6 edi\u00e7\u00f5es \/ 2010-2021) e recentemente atuou na produ\u00e7\u00e3o da publica\u00e7\u00e3o digital <em>Flipping: Revisitando Pop<\/em> (2019) e do Semin\u00e1rio Internacional<em> Flipping Pop: Revisitando Pop<\/em> (2017\/MAM-SP), da publica\u00e7\u00e3o <em>Domingos da Cria\u00e7\u00e3o: uma cole\u00e7\u00e3o po\u00e9tica do experimental na arte<\/em><em> e educa\u00e7\u00e3o<\/em> (2017) e do projeto<em> Arte Cuidado <\/em>(Rio\/2017). Destacam-se ainda a atua\u00e7\u00e3o de ger\u00eancia do projeto do N\u00facleo Experimental de Educa\u00e7\u00e3o e Arte do MAM-RJ (2009-2013), produ\u00e7\u00e3o do educativo da exposi\u00e7\u00e3o H\u00e9lio Oiticica \u2013 \u201cMuseu \u00e9 o Mundo\u201d (Pa\u00e7o Imperial\/Casa Fran\u00e7a Brasil,&nbsp;2010) al\u00e9m do projeto O Sentido do P\u00fablico na Arte (2013-2014 Pr\u00eamio Funarte).<\/p>\n\n\n\n<h3>Comunica\u00e7\u00e3o<\/h3>\n\n\n\n<p><strong>Caroline Bellomo. <\/strong>Produtora Cultural formada pela Universidade Federal Fluminense, obteve experi\u00eancias nas \u00e1reas de artes, museus e relacionamento. Fez parte da equipe do Museu de Arte Contempor\u00e2nea de Niter\u00f3i como assistente nas \u00e1reas de produ\u00e7\u00e3o de atividades e de exposi\u00e7\u00f5es, atuou junto ao Instituto MESA como assistente de produ\u00e7\u00e3o e pesquisa e integrou a equipe do Museu de Arte do Rio ao longo de 3 anos como assistente de rela\u00e7\u00f5es institucionais com foco em patroc\u00ednio e parcerias.<\/p>\n\n\n\n<h3>Revis\u00e3o<\/h3>\n\n\n\n<p><strong>Rafael Zacca<\/strong> \u00e9 poeta e cr\u00edtico. Professor no departamento de Filosofia da PUC-Rio. Publicou&nbsp;<em>O menor amor do mundo&nbsp;<\/em>(7Letras, 2020),&nbsp;<em>A estreita art\u00e9ria das coisas&nbsp;<\/em>(Garupa, 2018) e&nbsp;<em>Mini Marx&nbsp;<\/em>(7Letras, 2016), tamb\u00e9m publicado na argentina pela Grumo. \u00c9 co-autor do&nbsp;<em>Almanaque rebolado<\/em>, escrito a 20 m\u00e3os pela Oficina Experimental de Poesia. Colabora com o Jornal Rascunho e com a <em>Revista Pessoa<\/em>. Integra o coletivo oficina mat\u00e9ria-prima, com o qual tem no prelo o livro&nbsp;<em>Ant\u00edgona morreu ent\u00e3o eu preciso falar com voc\u00ea<\/em>, escrito a v\u00e1rias m\u00e3os. Ministra oficinas de poesia na editora 7Letras.<\/p>\n\n\n\n<h3>Tradu\u00e7\u00e3o<\/h3>\n\n\n\n<p><strong>Thais Miranda<\/strong> \u00e9 tradutora dos idiomas ingl\u00eas, franc\u00eas e espanhol para o portugu\u00eas, sua l\u00edngua materna. Thais \u00e9 graduada em Direito pela PUC-Rio e p\u00f3s-graduada em Tradu\u00e7\u00e3o pela mesma universidade. Atualmente, \u00e9 aluna do curso de p\u00f3s-gradua\u00e7\u00e3o em Interpreta\u00e7\u00e3o da PUC-Rio e do mestrado em Terminologia da Universitat Pompeu Fabra.<\/p>\n\n\n\n<h3>Direitos autorais <\/h3>\n\n\n\n<p>O conte\u00fado dos artigos \u00e9 de exclusiva responsabilidade dos autores. \u00c9 proibida reprodu\u00e7\u00e3o, total ou parcial, sem pr\u00e9via autoriza\u00e7\u00e3o dos mesmos. Todos os direitos reservados aos autores.<\/p>\n\n\n\n<p>\u00c9 proibida c\u00f3pia ou reprodu\u00e7\u00e3o, total ou parcial, das imagens e v\u00eddeos sem pr\u00e9via autoriza\u00e7\u00e3o dos autores.<\/p>\n","protected":false},"excerpt":{"rendered":"<p>Agradecimentos &amp; Cr\u00e9ditos Agradecimentos Agradecemos imensamente a colabora\u00e7\u00e3o e empenho de todos os contribuidores. Gratid\u00e3o pelas m\u00faltiplas conversas e trocas, muitos tecidos ao longo de v\u00e1rios anos, refor\u00e7ando a import\u00e2ncia [&hellip;]<\/p>\n","protected":false},"author":1,"featured_media":0,"parent":0,"menu_order":0,"comment_status":"closed","ping_status":"closed","template":"","meta":[],"_links":{"self":[{"href":"https:\/\/institutomesa.org\/revistamesa\/edicoes\/6\/wp-json\/wp\/v2\/pages\/2463"}],"collection":[{"href":"https:\/\/institutomesa.org\/revistamesa\/edicoes\/6\/wp-json\/wp\/v2\/pages"}],"about":[{"href":"https:\/\/institutomesa.org\/revistamesa\/edicoes\/6\/wp-json\/wp\/v2\/types\/page"}],"author":[{"embeddable":true,"href":"https:\/\/institutomesa.org\/revistamesa\/edicoes\/6\/wp-json\/wp\/v2\/users\/1"}],"replies":[{"embeddable":true,"href":"https:\/\/institutomesa.org\/revistamesa\/edicoes\/6\/wp-json\/wp\/v2\/comments?post=2463"}],"version-history":[{"count":14,"href":"https:\/\/institutomesa.org\/revistamesa\/edicoes\/6\/wp-json\/wp\/v2\/pages\/2463\/revisions"}],"predecessor-version":[{"id":3745,"href":"https:\/\/institutomesa.org\/revistamesa\/edicoes\/6\/wp-json\/wp\/v2\/pages\/2463\/revisions\/3745"}],"wp:attachment":[{"href":"https:\/\/institutomesa.org\/revistamesa\/edicoes\/6\/wp-json\/wp\/v2\/media?parent=2463"}],"curies":[{"name":"wp","href":"https:\/\/api.w.org\/{rel}","templated":true}]}}