{"id":397,"date":"2013-12-17T17:50:59","date_gmt":"2013-12-17T17:50:59","guid":{"rendered":"http:\/\/institutomesa.org\/revistamesa\/edicoes\/1\/?page_id=397"},"modified":"2014-01-23T12:56:42","modified_gmt":"2014-01-23T12:56:42","slug":"corpo-editorial","status":"publish","type":"page","link":"https:\/\/institutomesa.org\/revistamesa\/edicoes\/1\/corpo-editorial\/","title":{"rendered":"Corpo editorial"},"content":{"rendered":"<p><span class=\"titulo\">Corpo editorial<\/span><\/p>\n<p>Revista MESA \u00e9 um peri\u00f3dico bil\u00edngue (portugu\u00eas e ingl\u00eas), publicado semestralmente pelo Instituto MESA com foco em pesquisas e projetos que realizam e aprofundam os encontros entre arte, cultura e sociedade.<\/p>\n<p><strong>Editores<\/strong><br \/>\n\u2022 Jessica Gogan, Curadora e Educadora independente baseada nos EUA e no Brasil e Diretora do Instituto MESA;<br \/>\n\u2022 Luiz Guilherme Vergara, Curador\/Diretor do Museu de Arte Contempor\u00e2nea de Niter\u00f3i e Professor do Departamento de Arte, Universidade Federal Fluminense, Rio de Janeiro;<br \/>\n\u2022 Em colabora\u00e7\u00e3o com diversos contribuidores e autores para cada edi\u00e7\u00e3o.<\/p>\n<p><strong>O conselho curatorial do MESA<\/strong><br \/>\n\u2022 \u00c2ngela Mascelani, Diretora da Casa do Pontal, Rio de Janeiro;<br \/>\n\u2022 Bia Jabor, Gerente de Arte e Educa\u00e7\u00e3o da Casa Daros, Rio de Janeiro;<br \/>\n\u2022 Carlos Vergara, Artista;<br \/>\n\u2022 Fred Coelho, Professor de Literatura e Artes C\u00eanicas da PUC-Rio;<br \/>\n\u2022 Jailson de Souza e Silva, Professor associado da Universidade Federal Fluminense e Diretor do Observat\u00f3rio de Favelas do Rio de Janeiro;<br \/>\n\u2022 Luiz Camillo Osorio, Professor do Departamento de Filosofia da PUC-Rio e Curador do Museu de Arte Moderna do Rio de Janeiro;<br \/>\n\u2022 Pedro Duncan, Economista\/Consultor;<br \/>\n\u2022 Virginia Kastrup, Professora associada do Programa de P\u00f3s-gradua\u00e7\u00e3o em Psicologia da Universidade Federal do Rio de Janeiro;<\/p>\n<p>Para as biografias dos editores e contribuidores:<\/p>\n<p><a title=\"Contribuidores e Colaboradores \u2013 Revista Mesa 1\u00aa edi\u00e7\u00e3o\" href=\"http:\/\/institutomesa.org\/revistamesa\/edicoes\/1\/biografias-contribuidores-e-colaboradores-revista-mesa-1a-edicao\/\" target=\"_blank\">1\u00aa edi\u00e7\u00e3o<\/a><\/p>\n","protected":false},"excerpt":{"rendered":"<p>Corpo editorial Revista MESA \u00e9 um peri\u00f3dico bil\u00edngue (portugu\u00eas e ingl\u00eas), publicado semestralmente pelo Instituto MESA com foco em pesquisas e projetos que realizam e aprofundam os encontros entre arte, [&hellip;]<\/p>\n","protected":false},"author":1,"featured_media":0,"parent":0,"menu_order":0,"comment_status":"closed","ping_status":"closed","template":"","meta":[],"_links":{"self":[{"href":"https:\/\/institutomesa.org\/revistamesa\/edicoes\/1\/wp-json\/wp\/v2\/pages\/397"}],"collection":[{"href":"https:\/\/institutomesa.org\/revistamesa\/edicoes\/1\/wp-json\/wp\/v2\/pages"}],"about":[{"href":"https:\/\/institutomesa.org\/revistamesa\/edicoes\/1\/wp-json\/wp\/v2\/types\/page"}],"author":[{"embeddable":true,"href":"https:\/\/institutomesa.org\/revistamesa\/edicoes\/1\/wp-json\/wp\/v2\/users\/1"}],"replies":[{"embeddable":true,"href":"https:\/\/institutomesa.org\/revistamesa\/edicoes\/1\/wp-json\/wp\/v2\/comments?post=397"}],"version-history":[{"count":0,"href":"https:\/\/institutomesa.org\/revistamesa\/edicoes\/1\/wp-json\/wp\/v2\/pages\/397\/revisions"}],"wp:attachment":[{"href":"https:\/\/institutomesa.org\/revistamesa\/edicoes\/1\/wp-json\/wp\/v2\/media?parent=397"}],"curies":[{"name":"wp","href":"https:\/\/api.w.org\/{rel}","templated":true}]}}