{"id":395,"date":"2013-12-17T17:47:08","date_gmt":"2013-12-17T17:47:08","guid":{"rendered":"http:\/\/institutomesa.org\/revistamesa\/edicoes\/1\/?page_id=395"},"modified":"2016-01-21T12:42:19","modified_gmt":"2016-01-21T12:42:19","slug":"apresentacao","status":"publish","type":"page","link":"https:\/\/institutomesa.org\/revistamesa\/edicoes\/1\/apresentacao\/","title":{"rendered":"Apresenta\u00e7\u00e3o"},"content":{"rendered":"<p><span class=\"titulo\">Apresenta\u00e7\u00e3o<\/span><\/p>\n<p><strong><em>Revista MESA<\/em><\/strong><br \/>\nA <em>Revista MESA<\/em> \u00e9 um peri\u00f3dico bil\u00edng\u00fce (portugu\u00eas e ingl\u00eas) digital publicado semestralmente pelo Instituto MESA.  Prop\u00f5e-se tornar vis\u00edvel a complexidade das intera\u00e7\u00f5es p\u00fablicas da produ\u00e7\u00e3o art\u00edstica contempor\u00e2nea com a sociedade, e explorar as mudan\u00e7as \u00e9ticas e est\u00e9ticas que embasam as pr\u00e1ticas sociais atravessando os campos da arte, curadoria e educa\u00e7\u00e3o em seus distintos formatos. Com artigos cr\u00edticos, <em>think piece<\/em>, contribui\u00e7\u00f5es, estudos de caso nacionais e internacionais, v\u00eddeos, entrevistas e ensaios fotogr\u00e1ficos, <em>MESA<\/em> pretende apresentar as reflex\u00f5es cr\u00edticas sobre a arte e a sociedade, baseando-se em experi\u00eancias dos profissionais atuantes neste campo complexo (artistas, curadores, educadores, pesquisadores e ativistas) e tamb\u00e9m em pesquisas a partir de uma ampla gama de disciplinas (hist\u00f3ria da arte, estudos latino-americanos, museologia, educa\u00e7\u00e3o, antropologia, sociologia, geografia e filosofia). Com uma circula\u00e7\u00e3o nacional e internacional, MESA busca um di\u00e1logo entre as pr\u00e1ticas cr\u00edticas e criativas em seus distintos contextos, formatos e situa\u00e7\u00f5es.<br \/>\n<em>Revista MESA<\/em> Editores: Jessica Gogan e Luiz Guilherme Vergara em colabora\u00e7\u00e3o com diversos contribuidores e autores para cada edi\u00e7\u00e3o. <\/p>\n<p><strong>N\u00ba 1. Territ\u00f3rios e Pr\u00e1ticas em Processo<br \/>\n<\/strong>Fevereiro 2014<\/p>\n<p>Os territ\u00f3rios s\u00e3o definidos pelas suas pr\u00e1ticas; as pr\u00e1ticas, por sua vez, s\u00e3o encarnadas em suas inst\u00e2ncias fixas e fluxos de ritualiza\u00e7\u00f5es pl\u00e1sticas e sociais. O material reunido para esta primeira edi\u00e7\u00e3o explora este terreno contempor\u00e2neo, complexo e m\u00f3vel nas \u00e1reas de arte, curadoria e educa\u00e7\u00e3o. A cr\u00edtica e pesquisadora Tania Rivera foi convidada a contribuir com um <em>think piece<\/em> para acompanhar esta edi\u00e7\u00e3o sobre territ\u00f3rios e pr\u00e1ticas em processo. No trabalho ela explora a resson\u00e2ncia po\u00e9tica da arte no mundo e a import\u00e2ncia de uma pr\u00e1tica curatorial, cr\u00edtica e pedag\u00f3gica de dispers\u00e3o e dissemina\u00e7\u00e3o.<\/p>\n<p>Nos estudos de casos internacionais, a curadora alem\u00e3 Claudia Zeiske descreve na pr\u00e1tica do <em>Deveron Arts<\/em> as formas de pensar a cidade como um espa\u00e7o de acontecimentos que envolvem artistas e p\u00fablicos. Al\u00e9m, o curador portugu\u00eas nascido em Mo\u00e7ambique, Nuno Sacramento, provoca uma discuss\u00e3o pol\u00edtica sobre a produ\u00e7\u00e3o de um novo <em>common <\/em>atrav\u00e9s do seu projeto <em>Makers\u2019 Meal<\/em>, que juntou artistas e artes\u00e3os para criar um jantar \u2013 desde as mesas, os talheres, at\u00e9 \u00e0 comida. Os dois projetos, realizados no nordeste da Esc\u00f3cia, mostram a vitalidade da arte contempor\u00e2nea em contextos rurais.<br \/>\nOutros dois estudos de casos, agora nacionais, exploram a vida p\u00fablica da arte e a experi\u00eancia que ela inaugura como um campo cr\u00edtico e criativo: a geopo\u00e9tica da 8\u00aa Bienal do Mercosul, Porto Alegre \u2013 com um v\u00eddeo entrevistando curadores, artistas, participantes e educadores; e quatro outros ensaios que mergulham numa escultura de viv\u00eancias criada com p\u00fablicos diferentes, explorando a instala\u00e7\u00e3o <em>oBichoSusPensoNaPaisaGen<\/em>, do artista Ernesto Neto.<\/p>\n<p>Nestes territ\u00f3rios vivos surgem novos horizontes de possibilidades pr\u00e1ticas das po\u00e9ticas do cuidar e curar, como mostra o processo de Jos\u00e9 Rufino com os pacientes da doen\u00e7a de Alzheimer \u2013 parte de uma exposi\u00e7\u00e3o e resid\u00eancia do artista no Museu Andy Warhol nos Estados Unidos \u2013, relatado em um artigo nesta edi\u00e7\u00e3o. <\/p>\n<p>Al\u00e9m destas mudan\u00e7as nas pr\u00e1ticas art\u00edsticas e curatoriais, a entrevista em v\u00eddeo com Jailson de Souza e Silva, diretor do Observat\u00f3rio de Favelas no Rio de Janeiro, mostra a import\u00e2ncia das novas lentes cr\u00edticas e as formas de pensar a cidade como um territ\u00f3rio criativo e pedag\u00f3gico. Num outro contexto, o ensaio fotogr\u00e1fico de Leonardo Guelman, que aborda a Casa dos Milagres no Nordeste do Brasil, mostra o mundo popular e religioso do povo nordestino. Infelizmente esse lugar foi recentemente perdido por um inc\u00eandio, refor\u00e7ando ainda mais a import\u00e2ncia do testemunho da vitalidade da cultura popular. <\/p>\n<p><a href=\"http:\/\/institutomesa.org\/revistamesa\/edicoes\/1\/editorial-territorios-e-praticas-em-processo\/\" title=\"Editorial: Territ\u00f3rios e pr\u00e1ticas em processo\">Editorial 1\u00aa edi\u00e7\u00e3o<\/a><\/p>\n<p><strong>Contribuidores e Colaboradores da 1\u00aa edic\u00e3o:<\/strong><br \/>\nAnita Sobar, Bernardo Zabalaga, Bianca Bernardo, Claudia Zeiske, Ernesto Neto, Imagens de Povo, Jailson de Souza e Silva, Jessica Gogan, Jos\u00e9 Rufino, Leandro Almeida, Leonardo Guelman, Luiz Guilherme Vergara, Nuno Sacramento, 8\u00aa Bienal do Mercosul, Tania Rivera e Virg\u00ednia Kastrup.<\/p>\n<p><a href=\"http:\/\/institutomesa.org\/revistamesa\/edicoes\/1\/biografias-contribuidores-e-colaboradores-revista-mesa-1a-edicao\/\" title=\"Contribuidores e Colaboradores \u2013 Revista Mesa 1\u00aa edi\u00e7\u00e3o\">Contribuidores e Colaboradores \u2013 Revista Mesa 1\u00aa edi\u00e7\u00e3o<\/a><\/p>\n<p>As quatro primeiras edi\u00e7\u00f5es foram contempladas por recursos do Pr\u00eamio Procultura de Est\u00edmulo \u00e0s Artes Visuais 2010 (Funarte\/MinC).<\/p>\n","protected":false},"excerpt":{"rendered":"<p>Apresenta\u00e7\u00e3o Revista MESA A Revista MESA \u00e9 um peri\u00f3dico bil\u00edng\u00fce (portugu\u00eas e ingl\u00eas) digital publicado semestralmente pelo Instituto MESA. Prop\u00f5e-se tornar vis\u00edvel a complexidade das intera\u00e7\u00f5es p\u00fablicas da produ\u00e7\u00e3o art\u00edstica [&hellip;]<\/p>\n","protected":false},"author":1,"featured_media":0,"parent":0,"menu_order":0,"comment_status":"closed","ping_status":"closed","template":"","meta":[],"_links":{"self":[{"href":"https:\/\/institutomesa.org\/revistamesa\/edicoes\/1\/wp-json\/wp\/v2\/pages\/395"}],"collection":[{"href":"https:\/\/institutomesa.org\/revistamesa\/edicoes\/1\/wp-json\/wp\/v2\/pages"}],"about":[{"href":"https:\/\/institutomesa.org\/revistamesa\/edicoes\/1\/wp-json\/wp\/v2\/types\/page"}],"author":[{"embeddable":true,"href":"https:\/\/institutomesa.org\/revistamesa\/edicoes\/1\/wp-json\/wp\/v2\/users\/1"}],"replies":[{"embeddable":true,"href":"https:\/\/institutomesa.org\/revistamesa\/edicoes\/1\/wp-json\/wp\/v2\/comments?post=395"}],"version-history":[{"count":0,"href":"https:\/\/institutomesa.org\/revistamesa\/edicoes\/1\/wp-json\/wp\/v2\/pages\/395\/revisions"}],"wp:attachment":[{"href":"https:\/\/institutomesa.org\/revistamesa\/edicoes\/1\/wp-json\/wp\/v2\/media?parent=395"}],"curies":[{"name":"wp","href":"https:\/\/api.w.org\/{rel}","templated":true}]}}