{"id":273,"date":"2013-12-16T17:01:55","date_gmt":"2013-12-16T17:01:55","guid":{"rendered":"http:\/\/institutomesa.org\/revistamesa\/edicoes\/1\/?page_id=273"},"modified":"2016-01-18T17:10:57","modified_gmt":"2016-01-18T17:10:57","slug":"bichos-feitos-de-nos","status":"publish","type":"page","link":"https:\/\/institutomesa.org\/revistamesa\/edicoes\/1\/bichos-feitos-de-nos\/","title":{"rendered":"Bichos feitos de N\u00f3s"},"content":{"rendered":"<p><span class=\"titulo\">Bichos feitos de N\u00f3s: Encontros com <em>oBichoSusPensoNaPaisGen<\/em> de Ernesto Neto<\/span><\/p>\n<p>&nbsp;<\/p>\n\t\t<!-- Gallery with PrettyPhoto plugin -->\n\t\t<div id=\"gallery_prettyphoto\" class=\"portfolio\">\n\t\t\t <ul class=\"gallery_2columns\">\n\t\t\t \t\t\t\t<li>            \n\t\t\t\t\t\n\t\t\t\t\t\n\t\t\t\t\t<!-- Portfolio post-thumb gallery -->\n\t\t\t\t\t\t<a title=\"Virg\u00ednia Kastrup\" href=\"https:\/\/institutomesa.org\/revistamesa\/edicoes\/1\/portfolio\/virginia-kastrup-2\/\" class=\"custom-port\"><img src=\"http:\/\/institutomesa.org\/revistamesa\/edicoes\/1\/wp-content\/uploads\/2013\/12\/Frame_BenjaminConstant_Gustavo_-4330px-330x220.jpg\"  title=\"Virg\u00ednia Kastrup\"\/><\/a>\t\t\t\t\t<!-- END Portfolio post-thumb gallery -->\n\n\t\t\t\t\t <!--BEGIN excerpt content -->\n\t\t\t\t\t \t\t\t\t\t\t<p><\/p>\n\t\t\t\t\t\t\n\t\t\t\t\t <!--END excerpt content -->\n\t\t\t\t\t\t<h3 class=\"post_title\"><a href=\"https:\/\/institutomesa.org\/revistamesa\/edicoes\/1\/portfolio\/virginia-kastrup-2\/\">Virg\u00ednia Kastrup<\/a><\/h3>\n\t\t\t\t\t\t\t\t\t\t\n\t\t\t\t<\/li>\t\n\t\t\t\t\t\t\t\t<li>            \n\t\t\t\t\t\n\t\t\t\t\t\n\t\t\t\t\t<!-- Portfolio post-thumb gallery -->\n\t\t\t\t\t\t<a title=\"Bianca Bernardo\" href=\"https:\/\/institutomesa.org\/revistamesa\/edicoes\/1\/portfolio\/bianca-bernardo\/\" class=\"custom-port\"><img src=\"http:\/\/institutomesa.org\/revistamesa\/edicoes\/1\/wp-content\/uploads\/2013\/12\/2_IMG_5140330px-330x220.jpg\"  title=\"Bianca Bernardo\"\/><\/a>\t\t\t\t\t<!-- END Portfolio post-thumb gallery -->\n\n\t\t\t\t\t <!--BEGIN excerpt content -->\n\t\t\t\t\t \t\t\t\t\t\t<p><\/p>\n\t\t\t\t\t\t\n\t\t\t\t\t <!--END excerpt content -->\n\t\t\t\t\t\t<h3 class=\"post_title\"><a href=\"https:\/\/institutomesa.org\/revistamesa\/edicoes\/1\/portfolio\/bianca-bernardo\/\">Bianca Bernardo<\/a><\/h3>\n\t\t\t\t\t\t\t\t\t\t\n\t\t\t\t<\/li>\t\n\t\t\t\t\t\t\t\t<li>            \n\t\t\t\t\t\n\t\t\t\t\t\n\t\t\t\t\t<!-- Portfolio post-thumb gallery -->\n\t\t\t\t\t\t<a title=\"Bernardo Zabalaga\" href=\"https:\/\/institutomesa.org\/revistamesa\/edicoes\/1\/portfolio\/bernardo-zabalaga\/\" class=\"custom-port\"><img src=\"http:\/\/institutomesa.org\/revistamesa\/edicoes\/1\/wp-content\/uploads\/2013\/12\/7_DSC07976_330px-330x220.jpg\"  title=\"Bernardo Zabalaga\"\/><\/a>\t\t\t\t\t<!-- END Portfolio post-thumb gallery -->\n\n\t\t\t\t\t <!--BEGIN excerpt content -->\n\t\t\t\t\t \t\t\t\t\t\t<p><\/p>\n\t\t\t\t\t\t\n\t\t\t\t\t <!--END excerpt content -->\n\t\t\t\t\t\t<h3 class=\"post_title\"><a href=\"https:\/\/institutomesa.org\/revistamesa\/edicoes\/1\/portfolio\/bernardo-zabalaga\/\">Bernardo Zabalaga<\/a><\/h3>\n\t\t\t\t\t\t\t\t\t\t\n\t\t\t\t<\/li>\t\n\t\t\t\t\t\t\t\t<li>            \n\t\t\t\t\t\n\t\t\t\t\t\n\t\t\t\t\t<!-- Portfolio post-thumb gallery -->\n\t\t\t\t\t\t<a title=\"Anita Sobar\" href=\"https:\/\/institutomesa.org\/revistamesa\/edicoes\/1\/portfolio\/anita-sobar\/\" class=\"custom-port\"><img src=\"http:\/\/institutomesa.org\/revistamesa\/edicoes\/1\/wp-content\/uploads\/2013\/12\/2_Kelly-Malheiros-002_330px-330x220.jpg\"  title=\"Anita Sobar\"\/><\/a>\t\t\t\t\t<!-- END Portfolio post-thumb gallery -->\n\n\t\t\t\t\t <!--BEGIN excerpt content -->\n\t\t\t\t\t \t\t\t\t\t\t<p><\/p>\n\t\t\t\t\t\t\n\t\t\t\t\t <!--END excerpt content -->\n\t\t\t\t\t\t<h3 class=\"post_title\"><a href=\"https:\/\/institutomesa.org\/revistamesa\/edicoes\/1\/portfolio\/anita-sobar\/\">Anita Sobar<\/a><\/h3>\n\t\t\t\t\t\t\t\t\t\t\n\t\t\t\t<\/li>\t\n\t\t\t\t\t\t\t\t\t\t\t\t\t\t\n\t\t\t\t\n\t\t<\/ul>\n\t  <\/div>\t\n\t<!-- End Gallery with PrettyPhoto plugin -->\n\n\n\t\n<p>Os textos reunidos aqui s\u00e3o escritas de dentro encarnadas nos encontros com grupos especiais em torno da obra de Ernesto Neto <i>oBichoSusPensoNaPaisaGen<\/i>. Como o nome bem identifica, a escultura de rede de croch\u00ea feita de bolas e fios coloridos foi instalada suspensa na antiga esta\u00e7\u00e3o de trem Leopoldina no Rio de Janeiro em setembro de 2012, convidando os visitantes a caminharem dentro daquela gigante teia. Os encontros foram parte de uma proposta chamada \u201cLaborat\u00f3rio de Tear Po\u00e9tico\u201d. Junto com os artistas educadores Anita Sobar, Bernardo Zabalaga e Bianca Bernardo e a pesquisadora Virginia Kastrup, a escultura do Neto foi explorada como tear \u2013 a estrutura e tamb\u00e9m o verbo tear (de conversas, percep\u00e7\u00f5es multissensoriais), dando aten\u00e7\u00e3o e cuidado ao tempo de experimenta\u00e7\u00e3o compartilhada da obra como territ\u00f3rio relacional suspenso, gerador de sentidos, percep\u00e7\u00f5es e mem\u00f3rias.<\/p>\n<p>A proposta deste Laborat\u00f3rio que se reinventa como \u201cbichos entre n\u00f3s\u201d come\u00e7ou em uma conversa entusiasmada com Ernesto Neto e Carmen Riquelme, gerente de seu ateli\u00ea, provocando o artista a pensar sobre a pot\u00eancia invis\u00edvel da vida p\u00fablica de sua obra, como um outro tempo <i>continuum<\/i> composto de fluxos de intera\u00e7\u00f5es criativas e afetivas.\u00a0Este tempo de fluxos de conversas na obra do Neto se concretizou em encontros muito especiais com p\u00fablicos diferentes \u2013 jovens da escola Spectaculu, cegos do Instituto Benjamin Constant e usu\u00e1rios do programa de sa\u00fade mental Papel Pinel \u2013 como uma escultura de vozes \u2013 um outro Bicho feito de N\u00f3s (literalmente) \u2013 composta pelo tear de falas suspensas na tessitura de N\u00f3s.<\/p>\n<p>O que era \u201ce-vidente\u201d na forma monumental da obra deu lugar ao investimento do \u201ctear\u201d de falas e escutas, encarnadas como \u201ce-viventes\u201d instantes dentro do organismo vivo ativador de um Bicho de \u201cN\u00f3s\u201d, ou do tear de m\u00faltiplas vozes compartilhadas. Desde o in\u00edcio das conversas entre \u201cN\u00f3s\u201d, enfatizamos a import\u00e2ncia conceitual do registro destes \u201cencontros\u201d e \u201crespostas\u201d, buscando tornar vis\u00edvel e e-vidente o que foi e-vivente, como dimens\u00e3o cr\u00edtica e fronteira vital da proposta.\u00a0Os relatos desses pesquisadores e artistas reunidos a seguir d\u00e3o testemunho profundo dessa travessia cr\u00edtica do sentido p\u00fablico da arte.<\/p>\n<p>&#8211; os editores<\/p>\n","protected":false},"excerpt":{"rendered":"<p>Bichos feitos de N\u00f3s: Encontros com oBichoSusPensoNaPaisGen de Ernesto Neto &nbsp; Os textos reunidos aqui s\u00e3o escritas de dentro encarnadas nos encontros com grupos especiais em torno da obra de [&hellip;]<\/p>\n","protected":false},"author":1,"featured_media":0,"parent":0,"menu_order":0,"comment_status":"closed","ping_status":"closed","template":"","meta":[],"_links":{"self":[{"href":"https:\/\/institutomesa.org\/revistamesa\/edicoes\/1\/wp-json\/wp\/v2\/pages\/273"}],"collection":[{"href":"https:\/\/institutomesa.org\/revistamesa\/edicoes\/1\/wp-json\/wp\/v2\/pages"}],"about":[{"href":"https:\/\/institutomesa.org\/revistamesa\/edicoes\/1\/wp-json\/wp\/v2\/types\/page"}],"author":[{"embeddable":true,"href":"https:\/\/institutomesa.org\/revistamesa\/edicoes\/1\/wp-json\/wp\/v2\/users\/1"}],"replies":[{"embeddable":true,"href":"https:\/\/institutomesa.org\/revistamesa\/edicoes\/1\/wp-json\/wp\/v2\/comments?post=273"}],"version-history":[{"count":0,"href":"https:\/\/institutomesa.org\/revistamesa\/edicoes\/1\/wp-json\/wp\/v2\/pages\/273\/revisions"}],"wp:attachment":[{"href":"https:\/\/institutomesa.org\/revistamesa\/edicoes\/1\/wp-json\/wp\/v2\/media?parent=273"}],"curies":[{"name":"wp","href":"https:\/\/api.w.org\/{rel}","templated":true}]}}