{"id":241,"date":"2013-12-16T16:12:25","date_gmt":"2013-12-16T16:12:25","guid":{"rendered":"http:\/\/institutomesa.org\/revistamesa\/edicoes\/1\/?page_id=241"},"modified":"2015-03-24T16:20:06","modified_gmt":"2015-03-24T16:20:06","slug":"creditos-agradecimentos","status":"publish","type":"page","link":"https:\/\/institutomesa.org\/revistamesa\/edicoes\/1\/creditos-agradecimentos\/","title":{"rendered":"Cr\u00e9ditos e agradecimentos"},"content":{"rendered":"<p><a href=\"http:\/\/institutomesa.org\/revistamesa\/edicoes\/1\/wp-content\/uploads\/2013\/12\/Manifesta\u00e7\u00e3o-na-Mar\u00e9-02.06.2013_Foto-de-AF-Rodrigues_104.jpg\"><img loading=\"lazy\" class=\"alignnone size-full wp-image-709\" alt=\"Manifesta\u00e7\u00e3o na Mar\u00e9 02.06.2013_Foto de AF Rodrigues_104\" src=\"http:\/\/institutomesa.org\/revistamesa\/edicoes\/1\/wp-content\/uploads\/2013\/12\/Manifesta\u00e7\u00e3o-na-Mar\u00e9-02.06.2013_Foto-de-AF-Rodrigues_104.jpg\" width=\"600\" height=\"400\" srcset=\"https:\/\/institutomesa.org\/revistamesa\/edicoes\/1\/wp-content\/uploads\/2013\/12\/Manifesta\u00e7\u00e3o-na-Mar\u00e9-02.06.2013_Foto-de-AF-Rodrigues_104.jpg 600w, https:\/\/institutomesa.org\/revistamesa\/edicoes\/1\/wp-content\/uploads\/2013\/12\/Manifesta\u00e7\u00e3o-na-Mar\u00e9-02.06.2013_Foto-de-AF-Rodrigues_104-300x200.jpg 300w\" sizes=\"(max-width: 600px) 100vw, 600px\" \/><\/a> <span class=\"legenda\">  AF Rodriguez\/Imagens do Povo,\u00a0<i>Manifesta\u00e7\u00e3o no Mar\u00e9,<\/i>\u00a02013 <\/span><\/p>\n<p><span class=\"titulo\">Cr\u00e9ditos e agradecimentos<\/span><\/p>\n<p><b><i>Revista MESA<\/i><\/b><\/p>\n<p><b>Editores<\/b><br \/>\nJessica Gogan<br \/>\nLuiz Guilherme Vergara<\/p>\n<p><b>Coordena\u00e7\u00e3o geral<\/b><br \/>\nJessica Gogan<\/p>\n<p><b>Produ\u00e7\u00e3o Executiva<\/b><br \/>\nSabrina Curi<\/p>\n<p><b>Assistente Editorial<\/b><br \/>\nTaisa Moreno<\/p>\n<p><b>Site Design<\/b><br \/>\nMonocromo<\/p>\n<p><b>Identidade Visual MESA<\/b><br \/>\nDupla design<\/p>\n<p><b>Assessoria de Imprensa<\/b><br \/>\nB\u00e1rbara Chataignier<br \/>\n<b><br \/>\n<i>1\u00aa edi\u00e7\u00e3o: Territ\u00f3rios e Pr\u00e1ticas em Processo<\/i><\/b><\/p>\n<p><b>Imagens de Capa<\/b><br \/>\nJos\u00e9 Rufino.\u00a0<em>Memorabilia<\/em>\u00a0(polytych)<wbr \/>, 2010. Serigrafias de tinta vinil sobre papel velho alinhado junto com depoimentos escritos, impress\u00f5es, poemas, anota\u00e7\u00f5es, e documentos coletados dos pacientes, cuidadores e pesquisadores afiliados ao Alzheimer Disease Research Center da Universidade de Pittsburgh. Impress\u00f5es sobrepostas (monotipias com t\u00eampera e acr\u00edlica) \u00e0 maneira de Rorshach criadas em parceira com o artista e alguns pacientes e suas fam\u00edlias, al\u00e9m de pesquisadores do Centro. Foto: Richard Stoner<\/p>\n<p>Registro da instala\u00e7\u00e3o<i>\u00a0oBichoSusPensoNaPaisaGen,<\/i>\u00a0do artista Ernesto Neto, por alunas do curso de fotografia da Spectaculu &#8211; Escola de Arte e Tecnologia. Leopoldina, Rio de Janeiro, 26 de setembro de 2012.\u00a0 Foto: Kelly Malheiros. Parceria: Spectaculu.<\/p>\n<p>Leonardo Guelman.\u00a0<i>Casa dos Milagres,<\/i>\u00a02013.<\/p>\n<p>Rat\u00e3o Diniz\/Imagens do Povo, 2009.<\/p>\n<p><b>Editorial<\/b><br \/>\nJessica Gogan<br \/>\nLuiz Guilherme Vergara<\/p>\n<p><b>Think Piece<\/b><br \/>\nTania Rivera<br \/>\n\u201cA arte, no mundo\u201d<\/p>\n<p><b>Estudos de caso (Nacional)<\/b><\/p>\n<p><b><i>8\u00aa Bienal do Mercosul<br \/>\n<\/i><\/b><\/p>\n<p><i>Ensaio<\/i><br \/>\nJessica Gogan e Luiz Guilherme Vergara<br \/>\n\u201cUma coleta de m\u00faltiplas vozes: a pedagogia no campo ampliado na 8\u00aa Bienal do Mercosul, Porto Alegre, Brasil\u201d<\/p>\n<p><i>V\u00eddeo<\/i><br \/>\n\u201cA coleta de m\u00faltiplas vozes: Encontros com 8\u00aa Bienal do Mercosul\u201d<\/p>\n<p>Filmagem<br \/>\nAndr\u00e9 de Oliveira<\/p>\n<p>Edi\u00e7\u00e3o<br \/>\nLeandro Almeida<\/p>\n<p>Tradu\u00e7\u00e3o<br \/>\nCarolina Alfaro de Carvalho<\/p>\n<p><b><i>Encontros com a obra de Ernesto Neto <\/i><\/b><b>oBichoSusPensoNaPaisaGen<i>, 2012<\/i><\/b><\/p>\n<p><i>Introdu\u00e7\u00e3o<\/i><br \/>\n\u201cBichos feitos de N\u00f3s\u201d<\/p>\n<p><i>Ensaios<\/i><br \/>\nAnita Sobar<br \/>\n\u201cO Pescador de P\u00e9rolas\u201d<\/p>\n<p>Bernardo Zabalaga<br \/>\n\u201cO Corpo do encontro\u201d<\/p>\n<p>Bianca Bernardo<br \/>\n\u201cO Corpo de mem\u00f3rias: v\u00ednculos afetivos tramados no tempo quando estamos juntos. Papel Pinel visita <i>oBichoSusPensonaPaisGen<\/i>\u201d<\/p>\n<p>Virg\u00ednia Kastrup<br \/>\n\u201cDevires e acessibilidade est\u00e9tica numa visita com cegos e videntes\u201d<\/p>\n<p><b>Estudos de caso (Internacional)<\/b><\/p>\n<p><i><strong>Deveron Arts<\/strong><br \/>\n<\/i>Claudia Zeiske<br \/>\n\u201cA cidade \u00e9 o espa\u00e7o: arte, comunidade e lugar\u201d<b><br \/>\n<\/b><\/p>\n<p><b><i>Scottish Sculpture Workshop<br \/>\n<\/i><\/b>Nuno Sacramento<br \/>\n\u201cMakers\u2019 Meal e a produ\u00e7\u00e3o do novo common\u201d<\/p>\n<p><b>Artigo<br \/>\n<\/b>Jessica Gogan<br \/>\n\u201c<em>Curare:<\/em> Jos\u00e9 Rufino\u00a0<i><\/i><i>Manchas de Esquecimento<\/i><em>\u201d<\/em><\/p>\n<p><b>Ensaio fotogr\u00e1fico<\/b><br \/>\nLeonardo Guelman<br \/>\n\u201cO universo singular da <em>Casa dos Milagres\u201d<\/em><\/p>\n<p><b>V\u00eddeo Entrevista<\/b><br \/>\n\u201cO leg\u00edtimo Novo Carioca\u201d com Jailson de Souza e Silva<\/p>\n<p><i>Fot\u00f3grafos Imagens do Povo<br \/>\n<\/i>AF Rodrigues<br \/>\nBira Carvalho<br \/>\nElis\u00e2ngela Leite<br \/>\nF\u00e1bio Caff\u00e9<br \/>\nFagner Fran\u00e7a<br \/>\nIngrid Cristina<br \/>\nJV Santos<br \/>\nL\u00e9o Lima<br \/>\nL\u00e9o Melo<br \/>\nM\u00e1rcia Farias<br \/>\nMonara Barreto<br \/>\nNaldinho Louren\u00e7o<br \/>\nNando Dias<br \/>\nPaulo Barros<br \/>\nRat\u00e3o Diniz<br \/>\nRovena Rosa<br \/>\nRosilene Miliotti<br \/>\nRubia Pella<br \/>\nThiago Diniz<br \/>\nVeri-vg<br \/>\nVitor Madeira<\/p>\n<p><i>Fotografia adicional<\/i><br \/>\nTravessias: Gabi Carrera e Janis Cl\u00e9men<br \/>\nMAC: Maria Ign\u00eas Guimar\u00e3es\u00a0e Roberta Condeixa<br \/>\nMAM: Jessica Gogan e Marta Mestre<\/p>\n<p><i>Filmagem e Edi\u00e7\u00e3o<br \/>\n<\/i>Leandro Almeida<\/p>\n<p><i>Tradu\u00e7\u00e3o<\/i><br \/>\nCarolina Alfaro de Carvalho<\/p>\n<p><b>Revis\u00e3o<\/b><br \/>\nItamar Rigueira Jr. (Portugu\u00eas)<br \/>\nSherrie Flick (Ingl\u00eas)<br \/>\nRevis\u00e3o adicional (Portugu\u00eas): Luiza Toschi<\/p>\n<p><b>Tradu\u00e7\u00e3o<\/b><br \/>\nJessica Gogan (Portugu\u00eas para Ingl\u00eas)<br \/>\nMarise Barros (Ingl\u00eas para Portugu\u00eas)<br \/>\nSteve Berg (Ingl\u00eas para Portugu\u00eas\/Artigo Jos\u00e9 Rufino)<\/p>\n<p><b>Diretos autorais<\/b><br \/>\nO conte\u00fado dos artigos \u00e9 de exclusiva responsabilidade dos autores. Proibida reprodu\u00e7\u00e3o, total ou parcial, sem pr\u00e9via autoriza\u00e7\u00e3o dos mesmos. Todos os direitos reservados aos autores.<\/p>\n<p>Proibida c\u00f3pia ou a reprodu\u00e7\u00e3o, total ou parcial das imagens ou v\u00eddeos em quest\u00e3o sem pr\u00e9via autoriza\u00e7\u00e3o dos autores.<\/p>\n<p><b>Agradecimentos<\/b><br \/>\nAndr\u00e9 de Oliveira, Andr\u00e9 Dunham Maciel Siaines de Castro, Anita Sobar, Artist Image Resource, Ateli\u00ea Jos\u00e9 Rufino, Autom\u00e1tica, Bernardo Zabalaga, Bianca Bernardo, Caliban Books,\u00a0Carmen Riquelme, Centro Municipal de Arte H\u00e9lio Oiticica, Claudia Zeiske, Dupla design, Embaixada do Brasil em Washington D.C., Erika Tambke, Ernesto Neto, Gustavo Cruz Ferraz, Esther Marco Wenna, F\u00e1bio Caff\u00e9, Heather White, Imagens do Povo, Instituto Benjamin Constant, Janis Cl\u00e9men, Jailson de Souza e Silva, Joana Mazza, John Schulman,\u00a0Jos\u00e9 Rufino, Leandro Almeida, Leonardo Guelman, Liane Strapazzon, Maria Ign\u00eas Guimar\u00e3es, Marta Mestre, M\u00f4nica Hoff, Pablo Heguera, as Equipes Curatorial e Pedag\u00f3gica da 8\u00aa Bienal do Mercosul e todos envolvidos no projeto \u201cA coleta de m\u00faltiplas vozes\u201d(Alissa Gottfried, Alexia Tala, Andr\u00e9 da Rocha, Andr\u00e9 Vilmar Mers, Andr\u00e9a Paiva Nunes Andressa Argenta, Denis Fromer Nicola, Diana Kolker Carneiro da Cunha, Emanuel Silveira Alves, Ethiene Nachtigall, Fernanda Albuquerque, Fernanda Ott, Gabriel Bartz, Gabriela Silva, Greg Pierce,\u00a0Julia Coelho, Jos\u00e9 Roca, Liane Strapazzon, Luiza Mendon\u00e7a, Lucas Brolese, M\u00e1rcia Tomaseli, M\u00e1rcia Wander, Maria Aparecida Aliano Marques, Maria Helena Gaidzinski, Marilia Schmitt Fernandes, Marizangela Secco, Marlene Montagner, Mateo Lopez, Michele Zgiet, Oliver Kochta, Paula Cristina Luersen, Paula Krause, Rafael Silveira, Rodrigo Nunes, Roger Kichalowsky, Tatiana Rosa, Tiago Giora), Paulo Hauss, N\u00facleo de Pesquisa Cogni\u00e7\u00e3o &amp; Coletivos (NUCC)\/UFRJ, Nuno Sacramento, Observat\u00f3rio de Favelas, Papel Pinel, The Andy Warhol Museum (em especial Abby Franzen Sheehan, Eric Shiner, Greg Burchard e Tresa Varner), Museu de Arte Moderna do Rio de Janeiro (MAM), Museu de Arte Contempor\u00e2nea de Niter\u00f3i (MAC), Rat\u00e3o Diniz, Renata Montechiare,\u00a0Robert Beckman, Roberta Condeixa, Spectaculu, Tania Rivera, Thomas Sokolowski,\u00a0Universidade Federal Fluminense, University of Pittsburgh Alzheimer Disease Research Center (em especial Jennifer Lingler,\u00a0Judith Saxton,\u00a0Leslie Dunn, MaryAnn Oakley, Oscar Lopez\u00a0\u00a0e Rick Morycz, os\u00a0pacientes e cuidadores Donna e Lee Strawbridge e Nancy Stabryla\u00a0e toda equipe envolvida Beth Sarles, Lori Macedonia, Patty Henderson e Thomas Baumgartner),\u00a0Center for Bioethics and Health Law,\u00a0University of Pittsburgh Center for Latin American Studies\u00a0(em especial Kathleen DeWalt), Global Academic Partnership Initiative\u00a0sponsored by Office of the Provost, Global Studies Program, and University Center for International Studies, and School of Medicine (em especial Dr. Arthur S. Levine e Margaret McDonald), Virg\u00ednia Kastrup e Xico Chaves.<\/p>\n","protected":false},"excerpt":{"rendered":"<p>AF Rodriguez\/Imagens do Povo,\u00a0Manifesta\u00e7\u00e3o no Mar\u00e9,\u00a02013 Cr\u00e9ditos e agradecimentos Revista MESA Editores Jessica Gogan Luiz Guilherme Vergara Coordena\u00e7\u00e3o geral Jessica Gogan Produ\u00e7\u00e3o Executiva Sabrina Curi Assistente Editorial Taisa Moreno Site [&hellip;]<\/p>\n","protected":false},"author":1,"featured_media":0,"parent":0,"menu_order":0,"comment_status":"closed","ping_status":"closed","template":"","meta":[],"_links":{"self":[{"href":"https:\/\/institutomesa.org\/revistamesa\/edicoes\/1\/wp-json\/wp\/v2\/pages\/241"}],"collection":[{"href":"https:\/\/institutomesa.org\/revistamesa\/edicoes\/1\/wp-json\/wp\/v2\/pages"}],"about":[{"href":"https:\/\/institutomesa.org\/revistamesa\/edicoes\/1\/wp-json\/wp\/v2\/types\/page"}],"author":[{"embeddable":true,"href":"https:\/\/institutomesa.org\/revistamesa\/edicoes\/1\/wp-json\/wp\/v2\/users\/1"}],"replies":[{"embeddable":true,"href":"https:\/\/institutomesa.org\/revistamesa\/edicoes\/1\/wp-json\/wp\/v2\/comments?post=241"}],"version-history":[{"count":0,"href":"https:\/\/institutomesa.org\/revistamesa\/edicoes\/1\/wp-json\/wp\/v2\/pages\/241\/revisions"}],"wp:attachment":[{"href":"https:\/\/institutomesa.org\/revistamesa\/edicoes\/1\/wp-json\/wp\/v2\/media?parent=241"}],"curies":[{"name":"wp","href":"https:\/\/api.w.org\/{rel}","templated":true}]}}